{"id":2772,"date":"2026-03-03T09:32:06","date_gmt":"2026-03-03T09:32:06","guid":{"rendered":"https:\/\/organigrama.test-stag-nv.com\/evaluacion-de-candidatos\/"},"modified":"2026-03-25T16:26:39","modified_gmt":"2026-03-25T16:26:39","slug":"evaluacion-de-candidatos","status":"publish","type":"page","link":"https:\/\/organigrama.test-stag-nv.com\/es\/evaluacion-de-candidatos\/","title":{"rendered":"Evaluaci\u00f3n de candidatos"},"content":{"rendered":"\n<div class=\"wp-block-group has-global-padding is-layout-constrained wp-container-core-group-is-layout-845e27ec wp-block-group-is-layout-constrained\" style=\"margin-top:var(--wp--preset--spacing--40);margin-bottom:var(--wp--preset--spacing--40)\">\n<div class=\"wp-block-columns are-vertically-aligned-center is-layout-flex wp-container-core-columns-is-layout-28f84493 wp-block-columns-is-layout-flex\">\n<div class=\"wp-block-column is-vertically-aligned-center is-layout-flow wp-block-column-is-layout-flow\">\n<div class=\"wp-block-group is-vertical is-layout-flex wp-container-core-group-is-layout-98bb686d wp-block-group-is-layout-flex\">\n<h2 class=\"wp-block-heading\">Servicio de evaluaci\u00f3n de candidatos a Organigrama<\/h2>\n\n\n\n<p>En <strong>Organigrama<\/strong> ofrecemos un servicio especializado de <strong>evaluaci\u00f3n de candidatos<\/strong> dirigido tanto a procesos de selecci\u00f3n externa como a la valoraci\u00f3n de <strong>talento interno<\/strong> , por ejemplo en situaciones de promoci\u00f3n o desarrollo profesional.<\/p>\n\n\n\n<p>Este servicio permite obtener una visi\u00f3n profunda y objetiva del perfil de cada persona candidata, ayudando a las empresas a tomar decisiones fundamentadas y alineadas con las necesidades del puesto de trabajo y la cultura de la organizaci\u00f3n.<\/p>\n\n\n\n<div class=\"wp-block-buttons is-layout-flex wp-block-buttons-is-layout-flex\">\n<div class=\"wp-block-button\"><a class=\"wp-block-button__link wp-element-button\" href=\"https:\/\/organigrama.test-stag-nv.com\/es\/contacto\/\">\u00bfEMPEZAMOS?<\/a><\/div>\n<\/div>\n<\/div>\n<\/div>\n\n\n\n<div class=\"wp-block-column is-vertically-aligned-center is-layout-flow wp-block-column-is-layout-flow\" style=\"flex-basis:450px\">\n<figure class=\"wp-block-image aligncenter size-full is-style-default\"><img loading=\"lazy\" decoding=\"async\" width=\"800\" height=\"400\" src=\"https:\/\/organigrama.test-stag-nv.com\/wp-content\/uploads\/uploads_images_entradas_que-es-el-teambuilding-i-com-beneficia-a-lempresa_800x400_c_teambuilding-beneficia-empresa.jpg\" alt=\"\" class=\"wp-image-1359\" srcset=\"https:\/\/organigrama.test-stag-nv.com\/wp-content\/uploads\/uploads_images_entradas_que-es-el-teambuilding-i-com-beneficia-a-lempresa_800x400_c_teambuilding-beneficia-empresa.jpg 800w, https:\/\/organigrama.test-stag-nv.com\/wp-content\/uploads\/uploads_images_entradas_que-es-el-teambuilding-i-com-beneficia-a-lempresa_800x400_c_teambuilding-beneficia-empresa-450x225.jpg 450w, https:\/\/organigrama.test-stag-nv.com\/wp-content\/uploads\/uploads_images_entradas_que-es-el-teambuilding-i-com-beneficia-a-lempresa_800x400_c_teambuilding-beneficia-empresa-768x384.jpg 768w\" sizes=\"auto, (max-width: 800px) 100vw, 800px\" \/><\/figure>\n<\/div>\n<\/div>\n<\/div>\n\n<div class=\"wp-block-group has-global-padding is-layout-constrained wp-container-core-group-is-layout-845e27ec wp-block-group-is-layout-constrained\" style=\"margin-top:var(--wp--preset--spacing--40);margin-bottom:var(--wp--preset--spacing--40)\">\n<h3 class=\"wp-block-heading\">Evaluaci\u00f3n personalizada y rigurosa<\/h3>\n\n\n\n<p>Cada evaluaci\u00f3n se realiza de forma <strong>individualizada<\/strong> , combinando entrevistas profesionales y <strong>pruebas psicot\u00e9cnicas y competenciales<\/strong> adaptadas al perfil del puesto a cubrir. En funci\u00f3n de cada caso, el estudio puede incluir diferentes \u00e1reas de an\u00e1lisis:<\/p>\n\n\n\n<ul class=\"wp-block-list\">\n<li><strong>Estudio de personalidad<br\/><\/strong> Analizamos la estabilidad emocional, la capacidad de integraci\u00f3n, la gesti\u00f3n de conflictos internos y posibles riesgos de conflictividad, as\u00ed como una visi\u00f3n global de las tendencias de personalidad.<\/li>\n\n\n\n<li><strong>Estudio de aptitudes<br\/><\/strong> Evaluamos los recursos personales de la persona candidata, su capacidad de aprendizaje y el potencial para desarrollarse con \u00e9xito en el puesto de trabajo.<\/li>\n\n\n\n<li><strong>Estudio de motivaciones<br\/><\/strong> Valoramos el grado de implicaci\u00f3n con el trabajo y la empresa, la capacidad para asumir responsabilidades y la respuesta frente a la presi\u00f3n laboral.<\/li>\n\n\n\n<li><strong>Valoraci\u00f3n de conocimientos<br\/><\/strong> Verificamos los conocimientos t\u00e9cnicos necesarios para el sitio, mediante pruebas espec\u00edficas como idiomas, contabilidad u otras competencias profesionales.<\/li>\n\n\n\n<li><strong>Estudio de competencias<br\/><\/strong> Especialmente indicado para perfiles t\u00e9cnicos, staff o directivos, analizamos las competencias profesionales y personales, tanto directas como indirectas.<\/li>\n<\/ul>\n<\/div>\n\n<div class=\"wp-block-group alignfull has-tertiary-background-color has-background has-global-padding is-layout-constrained wp-container-core-group-is-layout-a1d4f3fb wp-block-group-is-layout-constrained\" style=\"margin-top:var(--wp--preset--spacing--40);margin-bottom:var(--wp--preset--spacing--40);padding-top:var(--wp--preset--spacing--40);padding-bottom:var(--wp--preset--spacing--40)\">\n<h3 class=\"wp-block-heading\">Informes adaptados a cada necesidad<\/h3>\n\n\n\n<p>Disponemos de diferentes <strong>tipolog\u00edas de informes<\/strong> , en funci\u00f3n del nivel y las competencias a evaluar, incluyendo informes orientados a <strong>perfiles directivos<\/strong> y estudios espec\u00edficos de competencias, estabilidad y motivaci\u00f3n. Todos los informes se presentan de forma clara y estructurada, facilitando la interpretaci\u00f3n de los resultados y la toma de decisiones.<\/p>\n<\/div>\n\n<div class=\"wp-block-group has-global-padding is-layout-constrained wp-container-core-group-is-layout-845e27ec wp-block-group-is-layout-constrained\" style=\"margin-top:var(--wp--preset--spacing--40);margin-bottom:var(--wp--preset--spacing--40)\">\n<h3 class=\"wp-block-heading\">Un soporte clave para las decisiones de personas<\/h3>\n\n\n\n<p>El servicio de evaluaci\u00f3n de candidatos de Organigrama est\u00e1 pensado para aportar <strong>objetividad, rigor y seguridad<\/strong> a los procesos de selecci\u00f3n y promoci\u00f3n interna, reduciendo riesgos y asegurando una mejor adecuaci\u00f3n entre persona, puesto y organizaci\u00f3n.<\/p>\n\n\n\n<div class=\"wp-block-buttons is-layout-flex wp-block-buttons-is-layout-flex\">\n<div class=\"wp-block-button\"><a class=\"wp-block-button__link wp-element-button\" href=\"https:\/\/organigrama.test-stag-nv.com\/es\/contacto\/\">\u00bfEMPEZAMOS?<\/a><\/div>\n<\/div>\n<\/div>\n","protected":false},"excerpt":{"rendered":"<p>Servicio de evaluaci\u00f3n de candidatos a Organigrama En Organigrama ofrecemos un servicio especializado de evaluaci\u00f3n de candidatos dirigido tanto a procesos de selecci\u00f3n externa como a la valoraci\u00f3n de talento interno , por ejemplo en situaciones de promoci\u00f3n o desarrollo profesional. Este servicio permite obtener una visi\u00f3n profunda y objetiva del perfil de cada persona [&hellip;]<\/p>\n","protected":false},"author":1,"featured_media":0,"parent":0,"menu_order":0,"comment_status":"closed","ping_status":"closed","template":"page-with-title","meta":{"footnotes":""},"class_list":["post-2772","page","type-page","status-publish","hentry"],"yoast_head":"<!-- This site is optimized with the Yoast SEO plugin v27.1.1 - https:\/\/yoast.com\/product\/yoast-seo-wordpress\/ -->\n<title>Evaluaci\u00f3n de candidatos - Organigrama<\/title>\n<meta name=\"robots\" content=\"noindex, follow, max-snippet:-1, max-image-preview:large, max-video-preview:-1\" \/>\n<meta property=\"og:locale\" content=\"es_ES\" \/>\n<meta property=\"og:type\" content=\"article\" \/>\n<meta property=\"og:title\" content=\"Evaluaci\u00f3n de candidatos - Organigrama\" \/>\n<meta property=\"og:description\" content=\"Servicio de evaluaci\u00f3n de candidatos a Organigrama En Organigrama ofrecemos un servicio especializado de evaluaci\u00f3n de candidatos dirigido tanto a procesos de selecci\u00f3n externa como a la valoraci\u00f3n de talento interno , por ejemplo en situaciones de promoci\u00f3n o desarrollo profesional. Este servicio permite obtener una visi\u00f3n profunda y objetiva del perfil de cada persona [&hellip;]\" \/>\n<meta property=\"og:url\" content=\"https:\/\/organigrama.test-stag-nv.com\/es\/evaluacion-de-candidatos\/\" \/>\n<meta property=\"og:site_name\" content=\"Organigrama\" \/>\n<meta property=\"article:publisher\" content=\"https:\/\/www.facebook.com\/organigramagrup\" \/>\n<meta property=\"article:modified_time\" content=\"2026-03-25T16:26:39+00:00\" \/>\n<meta property=\"og:image\" content=\"https:\/\/organigrama.test-stag-nv.com\/wp-content\/uploads\/uploads_images_entradas_que-es-el-teambuilding-i-com-beneficia-a-lempresa_800x400_c_teambuilding-beneficia-empresa.jpg\" \/>\n\t<meta property=\"og:image:width\" content=\"800\" \/>\n\t<meta property=\"og:image:height\" content=\"400\" \/>\n\t<meta property=\"og:image:type\" content=\"image\/jpeg\" \/>\n<meta name=\"twitter:card\" content=\"summary_large_image\" \/>\n<meta name=\"twitter:site\" content=\"@gruporganigrama\" \/>\n<meta name=\"twitter:label1\" content=\"Tiempo de lectura\" \/>\n\t<meta name=\"twitter:data1\" content=\"2 minutos\" \/>\n<script type=\"application\/ld+json\" class=\"yoast-schema-graph\">{\"@context\":\"https:\/\/schema.org\",\"@graph\":[{\"@type\":\"WebPage\",\"@id\":\"https:\/\/organigrama.test-stag-nv.com\/es\/evaluacion-de-candidatos\/\",\"url\":\"https:\/\/organigrama.test-stag-nv.com\/es\/evaluacion-de-candidatos\/\",\"name\":\"Evaluaci\u00f3n de candidatos - Organigrama\",\"isPartOf\":{\"@id\":\"https:\/\/organigrama.test-stag-nv.com\/es\/#website\"},\"primaryImageOfPage\":{\"@id\":\"https:\/\/organigrama.test-stag-nv.com\/es\/evaluacion-de-candidatos\/#primaryimage\"},\"image\":{\"@id\":\"https:\/\/organigrama.test-stag-nv.com\/es\/evaluacion-de-candidatos\/#primaryimage\"},\"thumbnailUrl\":\"https:\/\/organigrama.test-stag-nv.com\/wp-content\/uploads\/uploads_images_entradas_que-es-el-teambuilding-i-com-beneficia-a-lempresa_800x400_c_teambuilding-beneficia-empresa.jpg\",\"datePublished\":\"2026-03-03T09:32:06+00:00\",\"dateModified\":\"2026-03-25T16:26:39+00:00\",\"breadcrumb\":{\"@id\":\"https:\/\/organigrama.test-stag-nv.com\/es\/evaluacion-de-candidatos\/#breadcrumb\"},\"inLanguage\":\"es\",\"potentialAction\":[{\"@type\":\"ReadAction\",\"target\":[\"https:\/\/organigrama.test-stag-nv.com\/es\/evaluacion-de-candidatos\/\"]}]},{\"@type\":\"ImageObject\",\"inLanguage\":\"es\",\"@id\":\"https:\/\/organigrama.test-stag-nv.com\/es\/evaluacion-de-candidatos\/#primaryimage\",\"url\":\"https:\/\/organigrama.test-stag-nv.com\/wp-content\/uploads\/uploads_images_entradas_que-es-el-teambuilding-i-com-beneficia-a-lempresa_800x400_c_teambuilding-beneficia-empresa.jpg\",\"contentUrl\":\"https:\/\/organigrama.test-stag-nv.com\/wp-content\/uploads\/uploads_images_entradas_que-es-el-teambuilding-i-com-beneficia-a-lempresa_800x400_c_teambuilding-beneficia-empresa.jpg\"},{\"@type\":\"BreadcrumbList\",\"@id\":\"https:\/\/organigrama.test-stag-nv.com\/es\/evaluacion-de-candidatos\/#breadcrumb\",\"itemListElement\":[{\"@type\":\"ListItem\",\"position\":1,\"name\":\"Inicio\",\"item\":\"https:\/\/organigrama.test-stag-nv.com\/es\/\"},{\"@type\":\"ListItem\",\"position\":2,\"name\":\"Evaluaci\u00f3n de candidatos\"}]},{\"@type\":\"WebSite\",\"@id\":\"https:\/\/organigrama.test-stag-nv.com\/es\/#website\",\"url\":\"https:\/\/organigrama.test-stag-nv.com\/es\/\",\"name\":\"Organigrama\",\"description\":\"L&#039;Especialitzaci\u00f3 en Recursos Humans\",\"publisher\":{\"@id\":\"https:\/\/organigrama.test-stag-nv.com\/es\/#organization\"},\"potentialAction\":[{\"@type\":\"SearchAction\",\"target\":{\"@type\":\"EntryPoint\",\"urlTemplate\":\"https:\/\/organigrama.test-stag-nv.com\/es\/?s={search_term_string}\"},\"query-input\":{\"@type\":\"PropertyValueSpecification\",\"valueRequired\":true,\"valueName\":\"search_term_string\"}}],\"inLanguage\":\"es\"},{\"@type\":\"Organization\",\"@id\":\"https:\/\/organigrama.test-stag-nv.com\/es\/#organization\",\"name\":\"Organigrama\",\"url\":\"https:\/\/organigrama.test-stag-nv.com\/es\/\",\"logo\":{\"@type\":\"ImageObject\",\"inLanguage\":\"es\",\"@id\":\"https:\/\/organigrama.test-stag-nv.com\/es\/#\/schema\/logo\/image\/\",\"url\":\"https:\/\/organigrama.test-stag-nv.com\/wp-content\/uploads\/2025\/07\/uploads_images_164x70_c_logo.png\",\"contentUrl\":\"https:\/\/organigrama.test-stag-nv.com\/wp-content\/uploads\/2025\/07\/uploads_images_164x70_c_logo.png\",\"width\":164,\"height\":70,\"caption\":\"Organigrama\"},\"image\":{\"@id\":\"https:\/\/organigrama.test-stag-nv.com\/es\/#\/schema\/logo\/image\/\"},\"sameAs\":[\"https:\/\/www.facebook.com\/organigramagrup\",\"https:\/\/x.com\/gruporganigrama\",\"https:\/\/www.linkedin.com\/company\/organigrama-slu\/\"]}]}<\/script>\n<!-- \/ Yoast SEO plugin. -->","yoast_head_json":{"title":"Evaluaci\u00f3n de candidatos - Organigrama","robots":{"index":"noindex","follow":"follow","max-snippet":"max-snippet:-1","max-image-preview":"max-image-preview:large","max-video-preview":"max-video-preview:-1"},"og_locale":"es_ES","og_type":"article","og_title":"Evaluaci\u00f3n de candidatos - Organigrama","og_description":"Servicio de evaluaci\u00f3n de candidatos a Organigrama En Organigrama ofrecemos un servicio especializado de evaluaci\u00f3n de candidatos dirigido tanto a procesos de selecci\u00f3n externa como a la valoraci\u00f3n de talento interno , por ejemplo en situaciones de promoci\u00f3n o desarrollo profesional. Este servicio permite obtener una visi\u00f3n profunda y objetiva del perfil de cada persona [&hellip;]","og_url":"https:\/\/organigrama.test-stag-nv.com\/es\/evaluacion-de-candidatos\/","og_site_name":"Organigrama","article_publisher":"https:\/\/www.facebook.com\/organigramagrup","article_modified_time":"2026-03-25T16:26:39+00:00","og_image":[{"width":800,"height":400,"url":"https:\/\/organigrama.test-stag-nv.com\/wp-content\/uploads\/uploads_images_entradas_que-es-el-teambuilding-i-com-beneficia-a-lempresa_800x400_c_teambuilding-beneficia-empresa.jpg","type":"image\/jpeg"}],"twitter_card":"summary_large_image","twitter_site":"@gruporganigrama","twitter_misc":{"Tiempo de lectura":"2 minutos"},"schema":{"@context":"https:\/\/schema.org","@graph":[{"@type":"WebPage","@id":"https:\/\/organigrama.test-stag-nv.com\/es\/evaluacion-de-candidatos\/","url":"https:\/\/organigrama.test-stag-nv.com\/es\/evaluacion-de-candidatos\/","name":"Evaluaci\u00f3n de candidatos - Organigrama","isPartOf":{"@id":"https:\/\/organigrama.test-stag-nv.com\/es\/#website"},"primaryImageOfPage":{"@id":"https:\/\/organigrama.test-stag-nv.com\/es\/evaluacion-de-candidatos\/#primaryimage"},"image":{"@id":"https:\/\/organigrama.test-stag-nv.com\/es\/evaluacion-de-candidatos\/#primaryimage"},"thumbnailUrl":"https:\/\/organigrama.test-stag-nv.com\/wp-content\/uploads\/uploads_images_entradas_que-es-el-teambuilding-i-com-beneficia-a-lempresa_800x400_c_teambuilding-beneficia-empresa.jpg","datePublished":"2026-03-03T09:32:06+00:00","dateModified":"2026-03-25T16:26:39+00:00","breadcrumb":{"@id":"https:\/\/organigrama.test-stag-nv.com\/es\/evaluacion-de-candidatos\/#breadcrumb"},"inLanguage":"es","potentialAction":[{"@type":"ReadAction","target":["https:\/\/organigrama.test-stag-nv.com\/es\/evaluacion-de-candidatos\/"]}]},{"@type":"ImageObject","inLanguage":"es","@id":"https:\/\/organigrama.test-stag-nv.com\/es\/evaluacion-de-candidatos\/#primaryimage","url":"https:\/\/organigrama.test-stag-nv.com\/wp-content\/uploads\/uploads_images_entradas_que-es-el-teambuilding-i-com-beneficia-a-lempresa_800x400_c_teambuilding-beneficia-empresa.jpg","contentUrl":"https:\/\/organigrama.test-stag-nv.com\/wp-content\/uploads\/uploads_images_entradas_que-es-el-teambuilding-i-com-beneficia-a-lempresa_800x400_c_teambuilding-beneficia-empresa.jpg"},{"@type":"BreadcrumbList","@id":"https:\/\/organigrama.test-stag-nv.com\/es\/evaluacion-de-candidatos\/#breadcrumb","itemListElement":[{"@type":"ListItem","position":1,"name":"Inicio","item":"https:\/\/organigrama.test-stag-nv.com\/es\/"},{"@type":"ListItem","position":2,"name":"Evaluaci\u00f3n de candidatos"}]},{"@type":"WebSite","@id":"https:\/\/organigrama.test-stag-nv.com\/es\/#website","url":"https:\/\/organigrama.test-stag-nv.com\/es\/","name":"Organigrama","description":"L&#039;Especialitzaci\u00f3 en Recursos Humans","publisher":{"@id":"https:\/\/organigrama.test-stag-nv.com\/es\/#organization"},"potentialAction":[{"@type":"SearchAction","target":{"@type":"EntryPoint","urlTemplate":"https:\/\/organigrama.test-stag-nv.com\/es\/?s={search_term_string}"},"query-input":{"@type":"PropertyValueSpecification","valueRequired":true,"valueName":"search_term_string"}}],"inLanguage":"es"},{"@type":"Organization","@id":"https:\/\/organigrama.test-stag-nv.com\/es\/#organization","name":"Organigrama","url":"https:\/\/organigrama.test-stag-nv.com\/es\/","logo":{"@type":"ImageObject","inLanguage":"es","@id":"https:\/\/organigrama.test-stag-nv.com\/es\/#\/schema\/logo\/image\/","url":"https:\/\/organigrama.test-stag-nv.com\/wp-content\/uploads\/2025\/07\/uploads_images_164x70_c_logo.png","contentUrl":"https:\/\/organigrama.test-stag-nv.com\/wp-content\/uploads\/2025\/07\/uploads_images_164x70_c_logo.png","width":164,"height":70,"caption":"Organigrama"},"image":{"@id":"https:\/\/organigrama.test-stag-nv.com\/es\/#\/schema\/logo\/image\/"},"sameAs":["https:\/\/www.facebook.com\/organigramagrup","https:\/\/x.com\/gruporganigrama","https:\/\/www.linkedin.com\/company\/organigrama-slu\/"]}]}},"_links":{"self":[{"href":"https:\/\/organigrama.test-stag-nv.com\/es\/wp-json\/wp\/v2\/pages\/2772","targetHints":{"allow":["GET"]}}],"collection":[{"href":"https:\/\/organigrama.test-stag-nv.com\/es\/wp-json\/wp\/v2\/pages"}],"about":[{"href":"https:\/\/organigrama.test-stag-nv.com\/es\/wp-json\/wp\/v2\/types\/page"}],"author":[{"embeddable":true,"href":"https:\/\/organigrama.test-stag-nv.com\/es\/wp-json\/wp\/v2\/users\/1"}],"replies":[{"embeddable":true,"href":"https:\/\/organigrama.test-stag-nv.com\/es\/wp-json\/wp\/v2\/comments?post=2772"}],"version-history":[{"count":4,"href":"https:\/\/organigrama.test-stag-nv.com\/es\/wp-json\/wp\/v2\/pages\/2772\/revisions"}],"predecessor-version":[{"id":2980,"href":"https:\/\/organigrama.test-stag-nv.com\/es\/wp-json\/wp\/v2\/pages\/2772\/revisions\/2980"}],"wp:attachment":[{"href":"https:\/\/organigrama.test-stag-nv.com\/es\/wp-json\/wp\/v2\/media?parent=2772"}],"curies":[{"name":"wp","href":"https:\/\/api.w.org\/{rel}","templated":true}]}}