{"id":2782,"date":"2026-03-03T09:29:47","date_gmt":"2026-03-03T09:29:47","guid":{"rendered":"https:\/\/organigrama.test-stag-nv.com\/headhunting\/"},"modified":"2026-03-25T16:25:59","modified_gmt":"2026-03-25T16:25:59","slug":"headhunting","status":"publish","type":"page","link":"https:\/\/organigrama.test-stag-nv.com\/es\/headhunting\/","title":{"rendered":"Headhunting"},"content":{"rendered":"\n<div class=\"wp-block-group has-global-padding is-layout-constrained wp-block-group-is-layout-constrained\" style=\"margin-top:var(--wp--preset--spacing--40);margin-bottom:var(--wp--preset--spacing--40)\">\n<h1 class=\"wp-block-heading\">Headhunting en Organigrama \u2014 C\u00f3mo atraer el talento adecuado para su organizaci\u00f3n<\/h1>\n\n\n\n<p>Para sitios de relevancia o de alto impacto, utilizamos t\u00e9cnicas de headhunting para buscar candidatos m\u00e1s all\u00e1 de los canales tradicionales. Explorando el mercado laboral y nuestra red, identificamos y conectamos con personas de alto potencial que pueden marcar la diferencia en su organizaci\u00f3n.<\/p>\n\n\n\n<div class=\"wp-block-columns are-vertically-aligned-center is-layout-flex wp-container-core-columns-is-layout-28f84493 wp-block-columns-is-layout-flex\">\n<div class=\"wp-block-column is-vertically-aligned-center is-layout-flow wp-block-column-is-layout-flow\">\n<div class=\"wp-block-group is-vertical is-layout-flex wp-container-core-group-is-layout-fe9cc265 wp-block-group-is-layout-flex\">\n<p>En <strong>Organigrama<\/strong> ofrecemos un servicio especializado de <strong>headhunting<\/strong> , pensado para que las empresas puedan identificar e incorporar a los profesionales m\u00e1s adecuados para posiciones clave dentro de su estructura. Este enfoque va m\u00e1s all\u00e1 del proceso de selecci\u00f3n tradicional, porque implica explorar de forma activa el mercado laboral para encontrar a personas con experiencia y competencias espec\u00edficas, incluso cuando no est\u00e1n buscando trabajo de forma abierta.<\/p>\n\n\n\n<p>En determinadas situaciones -especialmente cuando se trata de cubrir puestos de gran responsabilidad o estrat\u00e9gicos- el reclutamiento habitual (publicar ofertas y esperar solicitudes) puede no ser suficiente. Por ello, a trav\u00e9s de nuestro servicio de <strong>headhunting<\/strong> hacemos una investigaci\u00f3n directa y exhaustiva para localizar profesionales que ya ocupan responsabilidades similares o que destacan por su trayectoria, tanto dentro como fuera de su sector.<\/p>\n\n\n\n<div class=\"wp-block-buttons is-layout-flex wp-block-buttons-is-layout-flex\">\n<div class=\"wp-block-button\"><a class=\"wp-block-button__link wp-element-button\" href=\"https:\/\/organigrama.test-stag-nv.com\/es\/contacto\/\">COMENCEM?<\/a><\/div>\n<\/div>\n<\/div>\n<\/div>\n\n\n\n<div class=\"wp-block-column is-vertically-aligned-center is-layout-flow wp-block-column-is-layout-flow\" style=\"flex-basis:450px\">\n<figure class=\"wp-block-image size-full\"><img loading=\"lazy\" decoding=\"async\" width=\"800\" height=\"400\" src=\"https:\/\/organigrama.test-stag-nv.com\/wp-content\/uploads\/uploads_images_entradas__800x400_c_que-es-un-headhunter-o-cazatalentos.jpg\" alt=\"\" class=\"wp-image-1304\" srcset=\"https:\/\/organigrama.test-stag-nv.com\/wp-content\/uploads\/uploads_images_entradas__800x400_c_que-es-un-headhunter-o-cazatalentos.jpg 800w, https:\/\/organigrama.test-stag-nv.com\/wp-content\/uploads\/uploads_images_entradas__800x400_c_que-es-un-headhunter-o-cazatalentos-450x225.jpg 450w, https:\/\/organigrama.test-stag-nv.com\/wp-content\/uploads\/uploads_images_entradas__800x400_c_que-es-un-headhunter-o-cazatalentos-768x384.jpg 768w\" sizes=\"auto, (max-width: 800px) 100vw, 800px\" \/><\/figure>\n<\/div>\n<\/div>\n<\/div>\n\n<div class=\"wp-block-group alignfull has-tertiary-background-color has-background has-global-padding is-layout-constrained wp-block-group-is-layout-constrained\" style=\"margin-top:var(--wp--preset--spacing--40);margin-bottom:var(--wp--preset--spacing--40);padding-top:var(--wp--preset--spacing--40);padding-bottom:var(--wp--preset--spacing--40)\">\n<h2 class=\"wp-block-heading\">C\u00f3mo trabajamos:<\/h2>\n\n\n\n<p>Nuestro m\u00e9todo de headhunting se desarrolla en diversas fases ajustadas a la realidad y objetivos de cada cliente:<\/p>\n\n\n\n<ol class=\"wp-block-list\">\n<li><strong>An\u00e1lisis del sitio y perfil<\/strong> \u2014 Nos reunimos con ustedes para conocer en profundidad la empresa, la cultura y las caracter\u00edsticas del sitio que desea cubrir.<\/li>\n\n\n\n<li><strong>B\u00fasqueda activa de candidatos<\/strong> \u2014 Utilizamos nuestras herramientas, base de datos y red de contactos para explorar el mercado e identificar a profesionales con potencial.<\/li>\n\n\n\n<li><strong>Evaluaci\u00f3n detallada<\/strong> \u2014 Evaluamos a los candidatos mediante entrevistas y pruebas espec\u00edficas para asegurar que cumplen con los requerimientos establecidos.<\/li>\n\n\n\n<li><strong>Presentaci\u00f3n de finalistas<\/strong> \u2014 Preparamos informes sobre los candidatos preseleccionados y se los presentamos con informaci\u00f3n relevante para facilitar la decisi\u00f3n.<\/li>\n\n\n\n<li><strong>Negociaci\u00f3n y entrevista final<\/strong> \u2014 Podemos ayudarle a gestionar aspectos como la negociaci\u00f3n de condiciones y retribuci\u00f3n con las personas seleccionadas.<\/li>\n\n\n\n<li><strong>Cierre del proceso<\/strong> \u2014 Le acompa\u00f1amos hasta la formalizaci\u00f3n de la contrataci\u00f3n ya gestionar la comunicaci\u00f3n con las personas no seleccionadas, respetando siempre la confidencialidad cuando se requiere.<\/li>\n<\/ol>\n\n\n\n<p>Este servicio se basa en nuestra <strong>amplia experiencia<\/strong> y en una amplia red de relaciones profesionales que utilizamos para maximizar las posibilidades de acierto en cada investigaci\u00f3n.<\/p>\n<\/div>\n\n<div class=\"wp-block-group has-global-padding is-layout-constrained wp-block-group-is-layout-constrained\" style=\"margin-top:var(--wp--preset--spacing--40);margin-bottom:var(--wp--preset--spacing--40)\">\n<h3 class=\"wp-block-heading\">\u00bfPor qu\u00e9 confiar en el headhunting?<\/h3>\n\n\n\n<p>Las empresas que optan por servicios de headhunting se benefician de una investigaci\u00f3n orientada a <strong>perfiles muy espec\u00edficos o de gran impacto<\/strong> , con una metodolog\u00eda proactiva que facilita encontrar talento altamente cualificado y adaptarse m\u00e1s r\u00e1pidamente a las necesidades del mercado laboral.<\/p>\n\n\n\n<ul class=\"wp-block-list\">\n<li>Cerca directa de talent<\/li>\n\n\n\n<li>Red y conocimiento del mercado laboral<\/li>\n\n\n\n<li>Confidencialidad y trato personalizado<\/li>\n<\/ul>\n<\/div>\n\n<div class=\"wp-block-buttons is-layout-flex wp-block-buttons-is-layout-flex\">\n<div class=\"wp-block-button\"><a class=\"wp-block-button__link wp-element-button\" href=\"https:\/\/organigrama.test-stag-nv.com\/es\/contacto\/\">COMENCEM?<\/a><\/div>\n<\/div>\n","protected":false},"excerpt":{"rendered":"<p>Headhunting en Organigrama \u2014 C\u00f3mo atraer el talento adecuado para su organizaci\u00f3n Para sitios de relevancia o de alto impacto, utilizamos t\u00e9cnicas de headhunting para buscar candidatos m\u00e1s all\u00e1 de los canales tradicionales. Explorando el mercado laboral y nuestra red, identificamos y conectamos con personas de alto potencial que pueden marcar la diferencia en su [&hellip;]<\/p>\n","protected":false},"author":1,"featured_media":0,"parent":0,"menu_order":0,"comment_status":"closed","ping_status":"closed","template":"page-with-title","meta":{"footnotes":""},"class_list":["post-2782","page","type-page","status-publish","hentry"],"yoast_head":"<!-- This site is optimized with the Yoast SEO plugin v27.1.1 - https:\/\/yoast.com\/product\/yoast-seo-wordpress\/ -->\n<title>Headhunting - Organigrama<\/title>\n<meta name=\"robots\" content=\"noindex, follow, max-snippet:-1, max-image-preview:large, max-video-preview:-1\" \/>\n<meta property=\"og:locale\" content=\"es_ES\" \/>\n<meta property=\"og:type\" content=\"article\" \/>\n<meta property=\"og:title\" content=\"Headhunting - Organigrama\" \/>\n<meta property=\"og:description\" content=\"Headhunting en Organigrama \u2014 C\u00f3mo atraer el talento adecuado para su organizaci\u00f3n Para sitios de relevancia o de alto impacto, utilizamos t\u00e9cnicas de headhunting para buscar candidatos m\u00e1s all\u00e1 de los canales tradicionales. Explorando el mercado laboral y nuestra red, identificamos y conectamos con personas de alto potencial que pueden marcar la diferencia en su [&hellip;]\" \/>\n<meta property=\"og:url\" content=\"https:\/\/organigrama.test-stag-nv.com\/es\/headhunting\/\" \/>\n<meta property=\"og:site_name\" content=\"Organigrama\" \/>\n<meta property=\"article:publisher\" content=\"https:\/\/www.facebook.com\/organigramagrup\" \/>\n<meta property=\"article:modified_time\" content=\"2026-03-25T16:25:59+00:00\" \/>\n<meta property=\"og:image\" content=\"https:\/\/organigrama.test-stag-nv.com\/wp-content\/uploads\/uploads_images_entradas__800x400_c_que-es-un-headhunter-o-cazatalentos.jpg\" \/>\n\t<meta property=\"og:image:width\" content=\"800\" \/>\n\t<meta property=\"og:image:height\" content=\"400\" \/>\n\t<meta property=\"og:image:type\" content=\"image\/jpeg\" \/>\n<meta name=\"twitter:card\" content=\"summary_large_image\" \/>\n<meta name=\"twitter:site\" content=\"@gruporganigrama\" \/>\n<meta name=\"twitter:label1\" content=\"Tiempo de lectura\" \/>\n\t<meta name=\"twitter:data1\" content=\"2 minutos\" \/>\n<script type=\"application\/ld+json\" class=\"yoast-schema-graph\">{\"@context\":\"https:\/\/schema.org\",\"@graph\":[{\"@type\":\"WebPage\",\"@id\":\"https:\/\/organigrama.test-stag-nv.com\/es\/headhunting\/\",\"url\":\"https:\/\/organigrama.test-stag-nv.com\/es\/headhunting\/\",\"name\":\"Headhunting - Organigrama\",\"isPartOf\":{\"@id\":\"https:\/\/organigrama.test-stag-nv.com\/es\/#website\"},\"primaryImageOfPage\":{\"@id\":\"https:\/\/organigrama.test-stag-nv.com\/es\/headhunting\/#primaryimage\"},\"image\":{\"@id\":\"https:\/\/organigrama.test-stag-nv.com\/es\/headhunting\/#primaryimage\"},\"thumbnailUrl\":\"https:\/\/organigrama.test-stag-nv.com\/wp-content\/uploads\/uploads_images_entradas__800x400_c_que-es-un-headhunter-o-cazatalentos.jpg\",\"datePublished\":\"2026-03-03T09:29:47+00:00\",\"dateModified\":\"2026-03-25T16:25:59+00:00\",\"breadcrumb\":{\"@id\":\"https:\/\/organigrama.test-stag-nv.com\/es\/headhunting\/#breadcrumb\"},\"inLanguage\":\"es\",\"potentialAction\":[{\"@type\":\"ReadAction\",\"target\":[\"https:\/\/organigrama.test-stag-nv.com\/es\/headhunting\/\"]}]},{\"@type\":\"ImageObject\",\"inLanguage\":\"es\",\"@id\":\"https:\/\/organigrama.test-stag-nv.com\/es\/headhunting\/#primaryimage\",\"url\":\"https:\/\/organigrama.test-stag-nv.com\/wp-content\/uploads\/uploads_images_entradas__800x400_c_que-es-un-headhunter-o-cazatalentos.jpg\",\"contentUrl\":\"https:\/\/organigrama.test-stag-nv.com\/wp-content\/uploads\/uploads_images_entradas__800x400_c_que-es-un-headhunter-o-cazatalentos.jpg\"},{\"@type\":\"BreadcrumbList\",\"@id\":\"https:\/\/organigrama.test-stag-nv.com\/es\/headhunting\/#breadcrumb\",\"itemListElement\":[{\"@type\":\"ListItem\",\"position\":1,\"name\":\"Inicio\",\"item\":\"https:\/\/organigrama.test-stag-nv.com\/es\/\"},{\"@type\":\"ListItem\",\"position\":2,\"name\":\"Headhunting\"}]},{\"@type\":\"WebSite\",\"@id\":\"https:\/\/organigrama.test-stag-nv.com\/es\/#website\",\"url\":\"https:\/\/organigrama.test-stag-nv.com\/es\/\",\"name\":\"Organigrama\",\"description\":\"L&#039;Especialitzaci\u00f3 en Recursos Humans\",\"publisher\":{\"@id\":\"https:\/\/organigrama.test-stag-nv.com\/es\/#organization\"},\"potentialAction\":[{\"@type\":\"SearchAction\",\"target\":{\"@type\":\"EntryPoint\",\"urlTemplate\":\"https:\/\/organigrama.test-stag-nv.com\/es\/?s={search_term_string}\"},\"query-input\":{\"@type\":\"PropertyValueSpecification\",\"valueRequired\":true,\"valueName\":\"search_term_string\"}}],\"inLanguage\":\"es\"},{\"@type\":\"Organization\",\"@id\":\"https:\/\/organigrama.test-stag-nv.com\/es\/#organization\",\"name\":\"Organigrama\",\"url\":\"https:\/\/organigrama.test-stag-nv.com\/es\/\",\"logo\":{\"@type\":\"ImageObject\",\"inLanguage\":\"es\",\"@id\":\"https:\/\/organigrama.test-stag-nv.com\/es\/#\/schema\/logo\/image\/\",\"url\":\"https:\/\/organigrama.test-stag-nv.com\/wp-content\/uploads\/2025\/07\/uploads_images_164x70_c_logo.png\",\"contentUrl\":\"https:\/\/organigrama.test-stag-nv.com\/wp-content\/uploads\/2025\/07\/uploads_images_164x70_c_logo.png\",\"width\":164,\"height\":70,\"caption\":\"Organigrama\"},\"image\":{\"@id\":\"https:\/\/organigrama.test-stag-nv.com\/es\/#\/schema\/logo\/image\/\"},\"sameAs\":[\"https:\/\/www.facebook.com\/organigramagrup\",\"https:\/\/x.com\/gruporganigrama\",\"https:\/\/www.linkedin.com\/company\/organigrama-slu\/\"]}]}<\/script>\n<!-- \/ Yoast SEO plugin. -->","yoast_head_json":{"title":"Headhunting - Organigrama","robots":{"index":"noindex","follow":"follow","max-snippet":"max-snippet:-1","max-image-preview":"max-image-preview:large","max-video-preview":"max-video-preview:-1"},"og_locale":"es_ES","og_type":"article","og_title":"Headhunting - Organigrama","og_description":"Headhunting en Organigrama \u2014 C\u00f3mo atraer el talento adecuado para su organizaci\u00f3n Para sitios de relevancia o de alto impacto, utilizamos t\u00e9cnicas de headhunting para buscar candidatos m\u00e1s all\u00e1 de los canales tradicionales. Explorando el mercado laboral y nuestra red, identificamos y conectamos con personas de alto potencial que pueden marcar la diferencia en su [&hellip;]","og_url":"https:\/\/organigrama.test-stag-nv.com\/es\/headhunting\/","og_site_name":"Organigrama","article_publisher":"https:\/\/www.facebook.com\/organigramagrup","article_modified_time":"2026-03-25T16:25:59+00:00","og_image":[{"width":800,"height":400,"url":"https:\/\/organigrama.test-stag-nv.com\/wp-content\/uploads\/uploads_images_entradas__800x400_c_que-es-un-headhunter-o-cazatalentos.jpg","type":"image\/jpeg"}],"twitter_card":"summary_large_image","twitter_site":"@gruporganigrama","twitter_misc":{"Tiempo de lectura":"2 minutos"},"schema":{"@context":"https:\/\/schema.org","@graph":[{"@type":"WebPage","@id":"https:\/\/organigrama.test-stag-nv.com\/es\/headhunting\/","url":"https:\/\/organigrama.test-stag-nv.com\/es\/headhunting\/","name":"Headhunting - Organigrama","isPartOf":{"@id":"https:\/\/organigrama.test-stag-nv.com\/es\/#website"},"primaryImageOfPage":{"@id":"https:\/\/organigrama.test-stag-nv.com\/es\/headhunting\/#primaryimage"},"image":{"@id":"https:\/\/organigrama.test-stag-nv.com\/es\/headhunting\/#primaryimage"},"thumbnailUrl":"https:\/\/organigrama.test-stag-nv.com\/wp-content\/uploads\/uploads_images_entradas__800x400_c_que-es-un-headhunter-o-cazatalentos.jpg","datePublished":"2026-03-03T09:29:47+00:00","dateModified":"2026-03-25T16:25:59+00:00","breadcrumb":{"@id":"https:\/\/organigrama.test-stag-nv.com\/es\/headhunting\/#breadcrumb"},"inLanguage":"es","potentialAction":[{"@type":"ReadAction","target":["https:\/\/organigrama.test-stag-nv.com\/es\/headhunting\/"]}]},{"@type":"ImageObject","inLanguage":"es","@id":"https:\/\/organigrama.test-stag-nv.com\/es\/headhunting\/#primaryimage","url":"https:\/\/organigrama.test-stag-nv.com\/wp-content\/uploads\/uploads_images_entradas__800x400_c_que-es-un-headhunter-o-cazatalentos.jpg","contentUrl":"https:\/\/organigrama.test-stag-nv.com\/wp-content\/uploads\/uploads_images_entradas__800x400_c_que-es-un-headhunter-o-cazatalentos.jpg"},{"@type":"BreadcrumbList","@id":"https:\/\/organigrama.test-stag-nv.com\/es\/headhunting\/#breadcrumb","itemListElement":[{"@type":"ListItem","position":1,"name":"Inicio","item":"https:\/\/organigrama.test-stag-nv.com\/es\/"},{"@type":"ListItem","position":2,"name":"Headhunting"}]},{"@type":"WebSite","@id":"https:\/\/organigrama.test-stag-nv.com\/es\/#website","url":"https:\/\/organigrama.test-stag-nv.com\/es\/","name":"Organigrama","description":"L&#039;Especialitzaci\u00f3 en Recursos Humans","publisher":{"@id":"https:\/\/organigrama.test-stag-nv.com\/es\/#organization"},"potentialAction":[{"@type":"SearchAction","target":{"@type":"EntryPoint","urlTemplate":"https:\/\/organigrama.test-stag-nv.com\/es\/?s={search_term_string}"},"query-input":{"@type":"PropertyValueSpecification","valueRequired":true,"valueName":"search_term_string"}}],"inLanguage":"es"},{"@type":"Organization","@id":"https:\/\/organigrama.test-stag-nv.com\/es\/#organization","name":"Organigrama","url":"https:\/\/organigrama.test-stag-nv.com\/es\/","logo":{"@type":"ImageObject","inLanguage":"es","@id":"https:\/\/organigrama.test-stag-nv.com\/es\/#\/schema\/logo\/image\/","url":"https:\/\/organigrama.test-stag-nv.com\/wp-content\/uploads\/2025\/07\/uploads_images_164x70_c_logo.png","contentUrl":"https:\/\/organigrama.test-stag-nv.com\/wp-content\/uploads\/2025\/07\/uploads_images_164x70_c_logo.png","width":164,"height":70,"caption":"Organigrama"},"image":{"@id":"https:\/\/organigrama.test-stag-nv.com\/es\/#\/schema\/logo\/image\/"},"sameAs":["https:\/\/www.facebook.com\/organigramagrup","https:\/\/x.com\/gruporganigrama","https:\/\/www.linkedin.com\/company\/organigrama-slu\/"]}]}},"_links":{"self":[{"href":"https:\/\/organigrama.test-stag-nv.com\/es\/wp-json\/wp\/v2\/pages\/2782","targetHints":{"allow":["GET"]}}],"collection":[{"href":"https:\/\/organigrama.test-stag-nv.com\/es\/wp-json\/wp\/v2\/pages"}],"about":[{"href":"https:\/\/organigrama.test-stag-nv.com\/es\/wp-json\/wp\/v2\/types\/page"}],"author":[{"embeddable":true,"href":"https:\/\/organigrama.test-stag-nv.com\/es\/wp-json\/wp\/v2\/users\/1"}],"replies":[{"embeddable":true,"href":"https:\/\/organigrama.test-stag-nv.com\/es\/wp-json\/wp\/v2\/comments?post=2782"}],"version-history":[{"count":5,"href":"https:\/\/organigrama.test-stag-nv.com\/es\/wp-json\/wp\/v2\/pages\/2782\/revisions"}],"predecessor-version":[{"id":2976,"href":"https:\/\/organigrama.test-stag-nv.com\/es\/wp-json\/wp\/v2\/pages\/2782\/revisions\/2976"}],"wp:attachment":[{"href":"https:\/\/organigrama.test-stag-nv.com\/es\/wp-json\/wp\/v2\/media?parent=2782"}],"curies":[{"name":"wp","href":"https:\/\/api.w.org\/{rel}","templated":true}]}}