{"id":2784,"date":"2026-03-03T09:17:53","date_gmt":"2026-03-03T09:17:53","guid":{"rendered":"https:\/\/organigrama.test-stag-nv.com\/seleccion-de-personal\/"},"modified":"2026-03-25T16:26:39","modified_gmt":"2026-03-25T16:26:39","slug":"seleccion-de-personal","status":"publish","type":"page","link":"https:\/\/organigrama.test-stag-nv.com\/es\/seleccion-de-personal\/","title":{"rendered":"Selecci\u00f3n de personal"},"content":{"rendered":"\n<div class=\"wp-block-group has-global-padding is-layout-constrained wp-block-group-is-layout-constrained\" style=\"margin-top:var(--wp--preset--spacing--40);margin-bottom:var(--wp--preset--spacing--40)\">\n<h1 class=\"wp-block-heading\">Selecci\u00f3n de personal en Organigrama \u2014 Una soluci\u00f3n completa para su empresa<\/h1>\n\n\n\n<p style=\"margin-bottom:var(--wp--preset--spacing--40)\">Gestionamos el <strong>proceso completo de selecci\u00f3n<\/strong> y nos adaptamos siempre a la realidad de su empresa. Utilizamos herramientas actuales, entrevistas profesionales y criterios objetivos para asegurar que cada incorporaci\u00f3n sea un acierto estrat\u00e9gico.<\/p>\n\n\n\n<div class=\"wp-block-columns are-vertically-aligned-center is-layout-flex wp-container-core-columns-is-layout-28f84493 wp-block-columns-is-layout-flex\">\n<div class=\"wp-block-column is-vertically-aligned-center is-layout-flow wp-block-column-is-layout-flow\">\n<div class=\"wp-block-group is-vertical is-layout-flex wp-container-core-group-is-layout-fe9cc265 wp-block-group-is-layout-flex\">\n<p>Nuestro equipo especializado en recursos humanos se encarga de gestionar todo el proceso de selecci\u00f3n de personal de forma integral y adaptada a tus necesidades. Acompa\u00f1amos a las empresas en cada etapa: desde definir el puesto de trabajo y el perfil m\u00e1s adecuado hasta captar a las personas m\u00e1s id\u00f3neas si realizar las entrevistas y pruebas necesarias para asegurar una selecci\u00f3n de calidad.<\/p>\n\n\n\n<p>Ofrecemos un servicio global de selecci\u00f3n, pensado para que pueda confiar a Organigrama todo el proceso de investigaci\u00f3n y selecci\u00f3n de talento. Tambi\u00e9n tiene la opci\u00f3n de contratar s\u00f3lo las fases espec\u00edficas que necesita \u2014por ejemplo, la captaci\u00f3n de personas candidatas o la evaluaci\u00f3n psicot\u00e9cnica\u2014 adaptando as\u00ed el servicio al momento en que se encuentra.<\/p>\n<\/div>\n<\/div>\n\n\n\n<div class=\"wp-block-column is-vertically-aligned-center is-layout-flow wp-block-column-is-layout-flow\" style=\"flex-basis:450px\">\n<figure class=\"wp-block-image aligncenter size-large is-style-default\"><img loading=\"lazy\" decoding=\"async\" width=\"1024\" height=\"683\" src=\"https:\/\/organigrama.test-stag-nv.com\/wp-content\/uploads\/AdobeStock_460542615-1024x683.jpeg\" alt=\"\" class=\"wp-image-2942\" srcset=\"https:\/\/organigrama.test-stag-nv.com\/wp-content\/uploads\/AdobeStock_460542615-1024x683.jpeg 1024w, https:\/\/organigrama.test-stag-nv.com\/wp-content\/uploads\/AdobeStock_460542615-450x300.jpeg 450w, https:\/\/organigrama.test-stag-nv.com\/wp-content\/uploads\/AdobeStock_460542615-768x512.jpeg 768w\" sizes=\"auto, (max-width: 1024px) 100vw, 1024px\" \/><\/figure>\n<\/div>\n<\/div>\n<\/div>\n\n<div class=\"wp-block-group alignfull has-tertiary-background-color has-background has-global-padding is-layout-constrained wp-block-group-is-layout-constrained\" style=\"margin-top:var(--wp--preset--spacing--40);margin-bottom:var(--wp--preset--spacing--40);padding-top:var(--wp--preset--spacing--40);padding-bottom:var(--wp--preset--spacing--40)\">\n<h2 class=\"wp-block-heading\">\u00bfQu\u00e9 ventajas ofrece nuestro servicio?<\/h2>\n\n\n\n<ul class=\"wp-block-list\">\n<li><strong>Amplificaci\u00f3n de sus ofertas:<\/strong> Difundimos la oferta laboral entre una amplia red de profesionales seg\u00fan su especializaci\u00f3n y ubicaci\u00f3n, manteniendo siempre la confidencialidad del proceso, si as\u00ed lo desea.<\/li>\n\n\n\n<li><strong>Optimizaci\u00f3n del tiempo:<\/strong> Nos hacemos cargo de la recepci\u00f3n y selecci\u00f3n de curr\u00edculums, as\u00ed como de las entrevistas iniciales, de forma que ahorre horas de trabajo interno.<\/li>\n\n\n\n<li><strong>Calidad de la selecci\u00f3n:<\/strong> Nuestras metodolog\u00edas de evaluaci\u00f3n y valoraci\u00f3n permiten identificar a los profesionales que mejor encajan con el perfil y la cultura de su organizaci\u00f3n.<\/li>\n<\/ul>\n\n\n\n<p>Con m\u00e1s de 30 a\u00f1os de experiencia en el \u00e1mbito de los recursos humanos, Organigrama ha acompa\u00f1ado a cientos de empresas en procesos de selecci\u00f3n, con miles de personas candidatas evaluadas y varios proyectos de reclutamiento realizados con \u00e9xito.<\/p>\n<\/div>\n\n<div class=\"wp-block-group has-global-padding is-layout-constrained wp-block-group-is-layout-constrained\" style=\"margin-top:var(--wp--preset--spacing--40);margin-bottom:var(--wp--preset--spacing--40)\">\n<h2 class=\"wp-block-heading\">\u00bfC\u00f3mo iniciar una colaboraci\u00f3n con nosotros?<\/h2>\n\n\n\n<p>Basta con ponerse en contacto con nuestro departamento de selecci\u00f3n de personal para una <strong>primera conversaci\u00f3n sin compromiso<\/strong> . Analizaremos su situaci\u00f3n, escucharemos sus requisitos y propondremos una soluci\u00f3n ajustada a las necesidades de incorporaci\u00f3n de su equipo.<\/p>\n\n\n\n<ul class=\"wp-block-list\">\n<li>Perfiles adaptados a las necesidades reales de las empresas<\/li>\n\n\n\n<li>B\u00fasqueda de talento y captaci\u00f3n activa<\/li>\n\n\n\n<li>Evaluaciones y entrevistas con criterios claros<\/li>\n<\/ul>\n\n\n\n<div class=\"wp-block-buttons is-layout-flex wp-block-buttons-is-layout-flex\">\n<div class=\"wp-block-button\"><a class=\"wp-block-button__link wp-element-button\" href=\"https:\/\/organigrama.test-stag-nv.com\/es\/contacto\/\">\u00bfEMPEZAMOS?<\/a><\/div>\n<\/div>\n<\/div>\n","protected":false},"excerpt":{"rendered":"<p>Selecci\u00f3n de personal en Organigrama \u2014 Una soluci\u00f3n completa para su empresa Gestionamos el proceso completo de selecci\u00f3n y nos adaptamos siempre a la realidad de su empresa. Utilizamos herramientas actuales, entrevistas profesionales y criterios objetivos para asegurar que cada incorporaci\u00f3n sea un acierto estrat\u00e9gico. Nuestro equipo especializado en recursos humanos se encarga de gestionar [&hellip;]<\/p>\n","protected":false},"author":1,"featured_media":0,"parent":0,"menu_order":0,"comment_status":"closed","ping_status":"closed","template":"page-with-title","meta":{"footnotes":""},"class_list":["post-2784","page","type-page","status-publish","hentry"],"yoast_head":"<!-- This site is optimized with the Yoast SEO plugin v27.1.1 - https:\/\/yoast.com\/product\/yoast-seo-wordpress\/ -->\n<title>Selecci\u00f3n de personal - Organigrama<\/title>\n<meta name=\"robots\" content=\"noindex, follow, max-snippet:-1, max-image-preview:large, max-video-preview:-1\" \/>\n<meta property=\"og:locale\" content=\"es_ES\" \/>\n<meta property=\"og:type\" content=\"article\" \/>\n<meta property=\"og:title\" content=\"Selecci\u00f3n de personal - Organigrama\" \/>\n<meta property=\"og:description\" content=\"Selecci\u00f3n de personal en Organigrama \u2014 Una soluci\u00f3n completa para su empresa Gestionamos el proceso completo de selecci\u00f3n y nos adaptamos siempre a la realidad de su empresa. Utilizamos herramientas actuales, entrevistas profesionales y criterios objetivos para asegurar que cada incorporaci\u00f3n sea un acierto estrat\u00e9gico. Nuestro equipo especializado en recursos humanos se encarga de gestionar [&hellip;]\" \/>\n<meta property=\"og:url\" content=\"https:\/\/organigrama.test-stag-nv.com\/es\/seleccion-de-personal\/\" \/>\n<meta property=\"og:site_name\" content=\"Organigrama\" \/>\n<meta property=\"article:publisher\" content=\"https:\/\/www.facebook.com\/organigramagrup\" \/>\n<meta property=\"article:modified_time\" content=\"2026-03-25T16:26:39+00:00\" \/>\n<meta property=\"og:image\" content=\"https:\/\/organigrama.test-stag-nv.com\/wp-content\/uploads\/AdobeStock_460542615-1024x683.jpeg\" \/>\n\t<meta property=\"og:image:width\" content=\"1024\" \/>\n\t<meta property=\"og:image:height\" content=\"683\" \/>\n\t<meta property=\"og:image:type\" content=\"image\/jpeg\" \/>\n<meta name=\"twitter:card\" content=\"summary_large_image\" \/>\n<meta name=\"twitter:site\" content=\"@gruporganigrama\" \/>\n<meta name=\"twitter:label1\" content=\"Tiempo de lectura\" \/>\n\t<meta name=\"twitter:data1\" content=\"2 minutos\" \/>\n<script type=\"application\/ld+json\" class=\"yoast-schema-graph\">{\"@context\":\"https:\/\/schema.org\",\"@graph\":[{\"@type\":\"WebPage\",\"@id\":\"https:\/\/organigrama.test-stag-nv.com\/es\/seleccion-de-personal\/\",\"url\":\"https:\/\/organigrama.test-stag-nv.com\/es\/seleccion-de-personal\/\",\"name\":\"Selecci\u00f3n de personal - Organigrama\",\"isPartOf\":{\"@id\":\"https:\/\/organigrama.test-stag-nv.com\/es\/#website\"},\"primaryImageOfPage\":{\"@id\":\"https:\/\/organigrama.test-stag-nv.com\/es\/seleccion-de-personal\/#primaryimage\"},\"image\":{\"@id\":\"https:\/\/organigrama.test-stag-nv.com\/es\/seleccion-de-personal\/#primaryimage\"},\"thumbnailUrl\":\"https:\/\/organigrama.test-stag-nv.com\/wp-content\/uploads\/AdobeStock_460542615-1024x683.jpeg\",\"datePublished\":\"2026-03-03T09:17:53+00:00\",\"dateModified\":\"2026-03-25T16:26:39+00:00\",\"breadcrumb\":{\"@id\":\"https:\/\/organigrama.test-stag-nv.com\/es\/seleccion-de-personal\/#breadcrumb\"},\"inLanguage\":\"es\",\"potentialAction\":[{\"@type\":\"ReadAction\",\"target\":[\"https:\/\/organigrama.test-stag-nv.com\/es\/seleccion-de-personal\/\"]}]},{\"@type\":\"ImageObject\",\"inLanguage\":\"es\",\"@id\":\"https:\/\/organigrama.test-stag-nv.com\/es\/seleccion-de-personal\/#primaryimage\",\"url\":\"https:\/\/organigrama.test-stag-nv.com\/wp-content\/uploads\/AdobeStock_460542615-1024x683.jpeg\",\"contentUrl\":\"https:\/\/organigrama.test-stag-nv.com\/wp-content\/uploads\/AdobeStock_460542615-1024x683.jpeg\"},{\"@type\":\"BreadcrumbList\",\"@id\":\"https:\/\/organigrama.test-stag-nv.com\/es\/seleccion-de-personal\/#breadcrumb\",\"itemListElement\":[{\"@type\":\"ListItem\",\"position\":1,\"name\":\"Inicio\",\"item\":\"https:\/\/organigrama.test-stag-nv.com\/es\/\"},{\"@type\":\"ListItem\",\"position\":2,\"name\":\"Selecci\u00f3n de personal\"}]},{\"@type\":\"WebSite\",\"@id\":\"https:\/\/organigrama.test-stag-nv.com\/es\/#website\",\"url\":\"https:\/\/organigrama.test-stag-nv.com\/es\/\",\"name\":\"Organigrama\",\"description\":\"L&#039;Especialitzaci\u00f3 en Recursos Humans\",\"publisher\":{\"@id\":\"https:\/\/organigrama.test-stag-nv.com\/es\/#organization\"},\"potentialAction\":[{\"@type\":\"SearchAction\",\"target\":{\"@type\":\"EntryPoint\",\"urlTemplate\":\"https:\/\/organigrama.test-stag-nv.com\/es\/?s={search_term_string}\"},\"query-input\":{\"@type\":\"PropertyValueSpecification\",\"valueRequired\":true,\"valueName\":\"search_term_string\"}}],\"inLanguage\":\"es\"},{\"@type\":\"Organization\",\"@id\":\"https:\/\/organigrama.test-stag-nv.com\/es\/#organization\",\"name\":\"Organigrama\",\"url\":\"https:\/\/organigrama.test-stag-nv.com\/es\/\",\"logo\":{\"@type\":\"ImageObject\",\"inLanguage\":\"es\",\"@id\":\"https:\/\/organigrama.test-stag-nv.com\/es\/#\/schema\/logo\/image\/\",\"url\":\"https:\/\/organigrama.test-stag-nv.com\/wp-content\/uploads\/2025\/07\/uploads_images_164x70_c_logo.png\",\"contentUrl\":\"https:\/\/organigrama.test-stag-nv.com\/wp-content\/uploads\/2025\/07\/uploads_images_164x70_c_logo.png\",\"width\":164,\"height\":70,\"caption\":\"Organigrama\"},\"image\":{\"@id\":\"https:\/\/organigrama.test-stag-nv.com\/es\/#\/schema\/logo\/image\/\"},\"sameAs\":[\"https:\/\/www.facebook.com\/organigramagrup\",\"https:\/\/x.com\/gruporganigrama\",\"https:\/\/www.linkedin.com\/company\/organigrama-slu\/\"]}]}<\/script>\n<!-- \/ Yoast SEO plugin. -->","yoast_head_json":{"title":"Selecci\u00f3n de personal - Organigrama","robots":{"index":"noindex","follow":"follow","max-snippet":"max-snippet:-1","max-image-preview":"max-image-preview:large","max-video-preview":"max-video-preview:-1"},"og_locale":"es_ES","og_type":"article","og_title":"Selecci\u00f3n de personal - Organigrama","og_description":"Selecci\u00f3n de personal en Organigrama \u2014 Una soluci\u00f3n completa para su empresa Gestionamos el proceso completo de selecci\u00f3n y nos adaptamos siempre a la realidad de su empresa. Utilizamos herramientas actuales, entrevistas profesionales y criterios objetivos para asegurar que cada incorporaci\u00f3n sea un acierto estrat\u00e9gico. Nuestro equipo especializado en recursos humanos se encarga de gestionar [&hellip;]","og_url":"https:\/\/organigrama.test-stag-nv.com\/es\/seleccion-de-personal\/","og_site_name":"Organigrama","article_publisher":"https:\/\/www.facebook.com\/organigramagrup","article_modified_time":"2026-03-25T16:26:39+00:00","og_image":[{"width":1024,"height":683,"url":"https:\/\/organigrama.test-stag-nv.com\/wp-content\/uploads\/AdobeStock_460542615-1024x683.jpeg","type":"image\/jpeg"}],"twitter_card":"summary_large_image","twitter_site":"@gruporganigrama","twitter_misc":{"Tiempo de lectura":"2 minutos"},"schema":{"@context":"https:\/\/schema.org","@graph":[{"@type":"WebPage","@id":"https:\/\/organigrama.test-stag-nv.com\/es\/seleccion-de-personal\/","url":"https:\/\/organigrama.test-stag-nv.com\/es\/seleccion-de-personal\/","name":"Selecci\u00f3n de personal - Organigrama","isPartOf":{"@id":"https:\/\/organigrama.test-stag-nv.com\/es\/#website"},"primaryImageOfPage":{"@id":"https:\/\/organigrama.test-stag-nv.com\/es\/seleccion-de-personal\/#primaryimage"},"image":{"@id":"https:\/\/organigrama.test-stag-nv.com\/es\/seleccion-de-personal\/#primaryimage"},"thumbnailUrl":"https:\/\/organigrama.test-stag-nv.com\/wp-content\/uploads\/AdobeStock_460542615-1024x683.jpeg","datePublished":"2026-03-03T09:17:53+00:00","dateModified":"2026-03-25T16:26:39+00:00","breadcrumb":{"@id":"https:\/\/organigrama.test-stag-nv.com\/es\/seleccion-de-personal\/#breadcrumb"},"inLanguage":"es","potentialAction":[{"@type":"ReadAction","target":["https:\/\/organigrama.test-stag-nv.com\/es\/seleccion-de-personal\/"]}]},{"@type":"ImageObject","inLanguage":"es","@id":"https:\/\/organigrama.test-stag-nv.com\/es\/seleccion-de-personal\/#primaryimage","url":"https:\/\/organigrama.test-stag-nv.com\/wp-content\/uploads\/AdobeStock_460542615-1024x683.jpeg","contentUrl":"https:\/\/organigrama.test-stag-nv.com\/wp-content\/uploads\/AdobeStock_460542615-1024x683.jpeg"},{"@type":"BreadcrumbList","@id":"https:\/\/organigrama.test-stag-nv.com\/es\/seleccion-de-personal\/#breadcrumb","itemListElement":[{"@type":"ListItem","position":1,"name":"Inicio","item":"https:\/\/organigrama.test-stag-nv.com\/es\/"},{"@type":"ListItem","position":2,"name":"Selecci\u00f3n de personal"}]},{"@type":"WebSite","@id":"https:\/\/organigrama.test-stag-nv.com\/es\/#website","url":"https:\/\/organigrama.test-stag-nv.com\/es\/","name":"Organigrama","description":"L&#039;Especialitzaci\u00f3 en Recursos Humans","publisher":{"@id":"https:\/\/organigrama.test-stag-nv.com\/es\/#organization"},"potentialAction":[{"@type":"SearchAction","target":{"@type":"EntryPoint","urlTemplate":"https:\/\/organigrama.test-stag-nv.com\/es\/?s={search_term_string}"},"query-input":{"@type":"PropertyValueSpecification","valueRequired":true,"valueName":"search_term_string"}}],"inLanguage":"es"},{"@type":"Organization","@id":"https:\/\/organigrama.test-stag-nv.com\/es\/#organization","name":"Organigrama","url":"https:\/\/organigrama.test-stag-nv.com\/es\/","logo":{"@type":"ImageObject","inLanguage":"es","@id":"https:\/\/organigrama.test-stag-nv.com\/es\/#\/schema\/logo\/image\/","url":"https:\/\/organigrama.test-stag-nv.com\/wp-content\/uploads\/2025\/07\/uploads_images_164x70_c_logo.png","contentUrl":"https:\/\/organigrama.test-stag-nv.com\/wp-content\/uploads\/2025\/07\/uploads_images_164x70_c_logo.png","width":164,"height":70,"caption":"Organigrama"},"image":{"@id":"https:\/\/organigrama.test-stag-nv.com\/es\/#\/schema\/logo\/image\/"},"sameAs":["https:\/\/www.facebook.com\/organigramagrup","https:\/\/x.com\/gruporganigrama","https:\/\/www.linkedin.com\/company\/organigrama-slu\/"]}]}},"_links":{"self":[{"href":"https:\/\/organigrama.test-stag-nv.com\/es\/wp-json\/wp\/v2\/pages\/2784","targetHints":{"allow":["GET"]}}],"collection":[{"href":"https:\/\/organigrama.test-stag-nv.com\/es\/wp-json\/wp\/v2\/pages"}],"about":[{"href":"https:\/\/organigrama.test-stag-nv.com\/es\/wp-json\/wp\/v2\/types\/page"}],"author":[{"embeddable":true,"href":"https:\/\/organigrama.test-stag-nv.com\/es\/wp-json\/wp\/v2\/users\/1"}],"replies":[{"embeddable":true,"href":"https:\/\/organigrama.test-stag-nv.com\/es\/wp-json\/wp\/v2\/comments?post=2784"}],"version-history":[{"count":5,"href":"https:\/\/organigrama.test-stag-nv.com\/es\/wp-json\/wp\/v2\/pages\/2784\/revisions"}],"predecessor-version":[{"id":2978,"href":"https:\/\/organigrama.test-stag-nv.com\/es\/wp-json\/wp\/v2\/pages\/2784\/revisions\/2978"}],"wp:attachment":[{"href":"https:\/\/organigrama.test-stag-nv.com\/es\/wp-json\/wp\/v2\/media?parent=2784"}],"curies":[{"name":"wp","href":"https:\/\/api.w.org\/{rel}","templated":true}]}}