{"id":2786,"date":"2025-09-09T06:45:56","date_gmt":"2025-09-09T06:45:56","guid":{"rendered":"https:\/\/organigrama.test-stag-nv.com\/quienes-somos\/"},"modified":"2026-03-25T16:26:39","modified_gmt":"2026-03-25T16:26:39","slug":"quienes-somos","status":"publish","type":"page","link":"https:\/\/organigrama.test-stag-nv.com\/es\/quienes-somos\/","title":{"rendered":"Qui\u00e9nes somos"},"content":{"rendered":"\n<div class=\"wp-block-group is-layout-grid wp-container-core-group-is-layout-c7409597 wp-block-group-is-layout-grid\" style=\"padding-top:var(--wp--preset--spacing--30);padding-right:var(--wp--preset--spacing--30);padding-bottom:var(--wp--preset--spacing--30);padding-left:var(--wp--preset--spacing--30)\">\n<figure class=\"wp-block-image size-full has-custom-border wp-container-content-34765f0c\"><img loading=\"lazy\" decoding=\"async\" width=\"450\" height=\"500\" src=\"https:\/\/organigrama.test-stag-nv.com\/wp-content\/uploads\/uploads_images_paginas_quienes-somos_450x500_c_edificis.jpg\" alt=\"\" class=\"wp-image-2897\" style=\"border-top-left-radius:20px;border-top-right-radius:20px;border-bottom-left-radius:20px;border-bottom-right-radius:20px\" srcset=\"https:\/\/organigrama.test-stag-nv.com\/wp-content\/uploads\/uploads_images_paginas_quienes-somos_450x500_c_edificis.jpg 450w, https:\/\/organigrama.test-stag-nv.com\/wp-content\/uploads\/uploads_images_paginas_quienes-somos_450x500_c_edificis-405x450.jpg 405w\" sizes=\"auto, (max-width: 450px) 100vw, 450px\" \/><\/figure>\n\n\n\n<div class=\"wp-block-group wp-container-content-97eaa101 has-global-padding is-content-justification-left is-layout-constrained wp-container-core-group-is-layout-0b710646 wp-block-group-is-layout-constrained\">\n<h2 class=\"wp-block-heading\">Recursos humanos con experiencia, proximidad y resultados<\/h2>\n\n\n\n<hr class=\"wp-block-separator has-alpha-channel-opacity\"\/>\n\n\n\n<p>En <strong>Organigrama<\/strong> somos un equipo de profesionales apasionados por los <strong>Recursos Humanos<\/strong> , dedicados a encontrar soluciones pr\u00e1cticas y efectivas para las empresas. Nuestra experiencia nos permite garantizar servicios de calidad en <strong>selecci\u00f3n de talento y psicolog\u00eda industrial<\/strong> , siempre con criterio y rigor. <\/p>\n\n\n\n<p><strong>Profesionalidad<\/strong><br\/> <strong>Rigor que inspira confianza<\/strong><br\/> <strong>Experiencia contrastada<\/strong><br\/> <strong>Conocimiento real y actual del mercado laboral<\/strong><\/p>\n\n\n\n<p>M\u00e1s de tres d\u00e9cadas de experiencia a su servicio.<\/p>\n<\/div>\n<\/div>\n\n<div class=\"wp-block-group has-global-padding is-layout-constrained wp-container-core-group-is-layout-bbe119d6 wp-block-group-is-layout-constrained\" style=\"padding-top:var(--wp--preset--spacing--40);padding-bottom:var(--wp--preset--spacing--40)\">\n<h2 class=\"wp-block-heading has-text-align-center\">Servicios que podemos ofrecer<\/h2>\n\n\n\n<hr class=\"wp-block-separator has-text-color has-foreground-color has-alpha-channel-opacity has-foreground-background-color has-background\"\/>\n\n\n\n<div class=\"wp-block-group is-layout-grid wp-container-core-group-is-layout-988b637e wp-block-group-is-layout-grid\">\n<div class=\"wp-block-group is-vertical is-layout-flex wp-container-core-group-is-layout-98560ddf wp-block-group-is-layout-flex\" style=\"padding-top:var(--wp--preset--spacing--20);padding-right:var(--wp--preset--spacing--30);padding-bottom:var(--wp--preset--spacing--20);padding-left:var(--wp--preset--spacing--30)\">\n<div class=\"wp-block-group has-global-padding is-layout-constrained wp-container-core-group-is-layout-e515699c wp-block-group-is-layout-constrained\">\n<h3 class=\"wp-block-heading has-text-align-left has-primary-color has-text-color has-link-color wp-elements-25b7f2027845f8b62d711dfbbd2143ea\">Selecci\u00f3n de personal<\/h3>\n\n\n\n<p class=\"has-text-align-left\">Gestionamos sus procesos de selecci\u00f3n de personal de inicio a fin. Desde la definici\u00f3n del puesto de trabajo hasta la configuraci\u00f3n del perfil id\u00f3neo. Nos adaptamos completamente a sus requisitos a lo largo de todo el proceso. \u00bfQuiere que analicemos su caso?   <\/p>\n<\/div>\n\n\n\n<div class=\"wp-block-buttons 100-smph is-layout-flex wp-block-buttons-is-layout-flex\">\n<div class=\"wp-block-button is-style-outline is-style-outline--1\"><a class=\"wp-block-button__link wp-element-button\" href=\"https:\/\/organigrama.test-stag-nv.com\/es\/seleccion-de-personal\/\">\u2b9e OS AYUDAMOS EN SU PROCESO DE SELECCI\u00d3N<\/a><\/div>\n<\/div>\n<\/div>\n\n\n\n<div class=\"wp-block-group is-vertical is-layout-flex wp-container-core-group-is-layout-98560ddf wp-block-group-is-layout-flex\" style=\"padding-top:var(--wp--preset--spacing--20);padding-right:var(--wp--preset--spacing--30);padding-bottom:var(--wp--preset--spacing--20);padding-left:var(--wp--preset--spacing--30)\">\n<div class=\"wp-block-group has-global-padding is-layout-constrained wp-container-core-group-is-layout-00f53b06 wp-block-group-is-layout-constrained\" style=\"padding-top:0;padding-bottom:0\">\n<h3 class=\"wp-block-heading has-text-align-left has-primary-color has-text-color has-link-color wp-elements-57976eb62bfdab0f2668c3829ff821f7\">Headhunting<\/h3>\n\n\n\n<p class=\"has-text-align-left\">Nos encargamos de buscar y seleccionar a las personas con el mejor perfil para su empresa y las mejores competencias para cada tipo de organizaci\u00f3n. Le ofrecemos un asesoramiento integral en cualquier \u00e1rea de Recursos Humanos. \u00bfNecesita un nuevo candidato?  <\/p>\n<\/div>\n\n\n\n<div class=\"wp-block-buttons 100-smph is-layout-flex wp-block-buttons-is-layout-flex\">\n<div class=\"wp-block-button is-style-outline is-style-outline--2\"><a class=\"wp-block-button__link wp-element-button\" href=\"https:\/\/organigrama.test-stag-nv.com\/es\/headhunting\/\">\u2b9e BUSCAMOS LA PERSONA QUE NECESITA<\/a><\/div>\n<\/div>\n<\/div>\n\n\n\n<div class=\"wp-block-group is-vertical is-layout-flex wp-container-core-group-is-layout-98560ddf wp-block-group-is-layout-flex\" style=\"padding-top:var(--wp--preset--spacing--20);padding-right:var(--wp--preset--spacing--30);padding-bottom:var(--wp--preset--spacing--20);padding-left:var(--wp--preset--spacing--30)\">\n<div class=\"wp-block-group has-global-padding is-layout-constrained wp-container-core-group-is-layout-00f53b06 wp-block-group-is-layout-constrained\" style=\"padding-top:0;padding-bottom:0\">\n<h3 class=\"wp-block-heading has-text-align-left has-primary-color has-text-color has-link-color wp-elements-f108af99f4ae4433bfde71b1a03768f8\">EVALUACI\u00d3N DE PERSONAL<\/h3>\n\n\n\n<p class=\"has-text-align-left\">Nuestro Servicio de Evaluaci\u00f3n de Candidatos permite conocer en profundidad el perfil profesional y personal de cada persona, tanto en procesos de selecci\u00f3n como en promociones internas. Mediante entrevistas especializadas y pruebas psicot\u00e9cnicas adaptadas a cada puesto de trabajo, evaluamos aspectos como la personalidad, aptitudes, motivaci\u00f3n, competencias y estabilidad emocional. <\/p>\n<\/div>\n\n\n\n<div class=\"wp-block-buttons 100-smph is-layout-flex wp-block-buttons-is-layout-flex\">\n<div class=\"wp-block-button is-style-outline is-style-outline--3\"><a class=\"wp-block-button__link wp-element-button\" href=\"https:\/\/organigrama.test-stag-nv.com\/es\/evaluacion-de-candidatos\/\">\u2b9e \u00bfOS AYUDAMOS A DECIDIR MEJOR?<\/a><\/div>\n<\/div>\n<\/div>\n<\/div>\n<\/div>\n","protected":false},"excerpt":{"rendered":"<p>Recursos humanos con experiencia, proximidad y resultados En Organigrama somos un equipo de profesionales apasionados por los Recursos Humanos , dedicados a encontrar soluciones pr\u00e1cticas y efectivas para las empresas. Nuestra experiencia nos permite garantizar servicios de calidad en selecci\u00f3n de talento y psicolog\u00eda industrial , siempre con criterio y rigor. Profesionalidad Rigor que inspira [&hellip;]<\/p>\n","protected":false},"author":1,"featured_media":0,"parent":0,"menu_order":0,"comment_status":"closed","ping_status":"closed","template":"page-with-title","meta":{"footnotes":""},"class_list":["post-2786","page","type-page","status-publish","hentry"],"yoast_head":"<!-- This site is optimized with the Yoast SEO plugin v27.1.1 - https:\/\/yoast.com\/product\/yoast-seo-wordpress\/ -->\n<title>Qui\u00e9nes somos - Organigrama<\/title>\n<meta name=\"robots\" content=\"noindex, follow, max-snippet:-1, max-image-preview:large, max-video-preview:-1\" \/>\n<meta property=\"og:locale\" content=\"es_ES\" \/>\n<meta property=\"og:type\" content=\"article\" \/>\n<meta property=\"og:title\" content=\"Qui\u00e9nes somos - Organigrama\" \/>\n<meta property=\"og:description\" content=\"Recursos humanos con experiencia, proximidad y resultados En Organigrama somos un equipo de profesionales apasionados por los Recursos Humanos , dedicados a encontrar soluciones pr\u00e1cticas y efectivas para las empresas. Nuestra experiencia nos permite garantizar servicios de calidad en selecci\u00f3n de talento y psicolog\u00eda industrial , siempre con criterio y rigor. Profesionalidad Rigor que inspira [&hellip;]\" \/>\n<meta property=\"og:url\" content=\"https:\/\/organigrama.test-stag-nv.com\/es\/quienes-somos\/\" \/>\n<meta property=\"og:site_name\" content=\"Organigrama\" \/>\n<meta property=\"article:publisher\" content=\"https:\/\/www.facebook.com\/organigramagrup\" \/>\n<meta property=\"article:modified_time\" content=\"2026-03-25T16:26:39+00:00\" \/>\n<meta property=\"og:image\" content=\"https:\/\/organigrama.test-stag-nv.com\/wp-content\/uploads\/uploads_images_paginas_quienes-somos_450x500_c_edificis.jpg\" \/>\n\t<meta property=\"og:image:width\" content=\"450\" \/>\n\t<meta property=\"og:image:height\" content=\"500\" \/>\n\t<meta property=\"og:image:type\" content=\"image\/jpeg\" \/>\n<meta name=\"twitter:card\" content=\"summary_large_image\" \/>\n<meta name=\"twitter:site\" content=\"@gruporganigrama\" \/>\n<script type=\"application\/ld+json\" class=\"yoast-schema-graph\">{\"@context\":\"https:\/\/schema.org\",\"@graph\":[{\"@type\":\"WebPage\",\"@id\":\"https:\/\/organigrama.test-stag-nv.com\/es\/quienes-somos\/\",\"url\":\"https:\/\/organigrama.test-stag-nv.com\/es\/quienes-somos\/\",\"name\":\"Qui\u00e9nes somos - Organigrama\",\"isPartOf\":{\"@id\":\"https:\/\/organigrama.test-stag-nv.com\/es\/#website\"},\"primaryImageOfPage\":{\"@id\":\"https:\/\/organigrama.test-stag-nv.com\/es\/quienes-somos\/#primaryimage\"},\"image\":{\"@id\":\"https:\/\/organigrama.test-stag-nv.com\/es\/quienes-somos\/#primaryimage\"},\"thumbnailUrl\":\"https:\/\/organigrama.test-stag-nv.com\/wp-content\/uploads\/uploads_images_paginas_quienes-somos_450x500_c_edificis.jpg\",\"datePublished\":\"2025-09-09T06:45:56+00:00\",\"dateModified\":\"2026-03-25T16:26:39+00:00\",\"breadcrumb\":{\"@id\":\"https:\/\/organigrama.test-stag-nv.com\/es\/quienes-somos\/#breadcrumb\"},\"inLanguage\":\"es\",\"potentialAction\":[{\"@type\":\"ReadAction\",\"target\":[\"https:\/\/organigrama.test-stag-nv.com\/es\/quienes-somos\/\"]}]},{\"@type\":\"ImageObject\",\"inLanguage\":\"es\",\"@id\":\"https:\/\/organigrama.test-stag-nv.com\/es\/quienes-somos\/#primaryimage\",\"url\":\"https:\/\/organigrama.test-stag-nv.com\/wp-content\/uploads\/uploads_images_paginas_quienes-somos_450x500_c_edificis.jpg\",\"contentUrl\":\"https:\/\/organigrama.test-stag-nv.com\/wp-content\/uploads\/uploads_images_paginas_quienes-somos_450x500_c_edificis.jpg\"},{\"@type\":\"BreadcrumbList\",\"@id\":\"https:\/\/organigrama.test-stag-nv.com\/es\/quienes-somos\/#breadcrumb\",\"itemListElement\":[{\"@type\":\"ListItem\",\"position\":1,\"name\":\"Inicio\",\"item\":\"https:\/\/organigrama.test-stag-nv.com\/es\/\"},{\"@type\":\"ListItem\",\"position\":2,\"name\":\"Qui\u00e9nes somos\"}]},{\"@type\":\"WebSite\",\"@id\":\"https:\/\/organigrama.test-stag-nv.com\/es\/#website\",\"url\":\"https:\/\/organigrama.test-stag-nv.com\/es\/\",\"name\":\"Organigrama\",\"description\":\"L&#039;Especialitzaci\u00f3 en Recursos Humans\",\"publisher\":{\"@id\":\"https:\/\/organigrama.test-stag-nv.com\/es\/#organization\"},\"potentialAction\":[{\"@type\":\"SearchAction\",\"target\":{\"@type\":\"EntryPoint\",\"urlTemplate\":\"https:\/\/organigrama.test-stag-nv.com\/es\/?s={search_term_string}\"},\"query-input\":{\"@type\":\"PropertyValueSpecification\",\"valueRequired\":true,\"valueName\":\"search_term_string\"}}],\"inLanguage\":\"es\"},{\"@type\":\"Organization\",\"@id\":\"https:\/\/organigrama.test-stag-nv.com\/es\/#organization\",\"name\":\"Organigrama\",\"url\":\"https:\/\/organigrama.test-stag-nv.com\/es\/\",\"logo\":{\"@type\":\"ImageObject\",\"inLanguage\":\"es\",\"@id\":\"https:\/\/organigrama.test-stag-nv.com\/es\/#\/schema\/logo\/image\/\",\"url\":\"https:\/\/organigrama.test-stag-nv.com\/wp-content\/uploads\/2025\/07\/uploads_images_164x70_c_logo.png\",\"contentUrl\":\"https:\/\/organigrama.test-stag-nv.com\/wp-content\/uploads\/2025\/07\/uploads_images_164x70_c_logo.png\",\"width\":164,\"height\":70,\"caption\":\"Organigrama\"},\"image\":{\"@id\":\"https:\/\/organigrama.test-stag-nv.com\/es\/#\/schema\/logo\/image\/\"},\"sameAs\":[\"https:\/\/www.facebook.com\/organigramagrup\",\"https:\/\/x.com\/gruporganigrama\",\"https:\/\/www.linkedin.com\/company\/organigrama-slu\/\"]}]}<\/script>\n<!-- \/ Yoast SEO plugin. -->","yoast_head_json":{"title":"Qui\u00e9nes somos - Organigrama","robots":{"index":"noindex","follow":"follow","max-snippet":"max-snippet:-1","max-image-preview":"max-image-preview:large","max-video-preview":"max-video-preview:-1"},"og_locale":"es_ES","og_type":"article","og_title":"Qui\u00e9nes somos - Organigrama","og_description":"Recursos humanos con experiencia, proximidad y resultados En Organigrama somos un equipo de profesionales apasionados por los Recursos Humanos , dedicados a encontrar soluciones pr\u00e1cticas y efectivas para las empresas. Nuestra experiencia nos permite garantizar servicios de calidad en selecci\u00f3n de talento y psicolog\u00eda industrial , siempre con criterio y rigor. Profesionalidad Rigor que inspira [&hellip;]","og_url":"https:\/\/organigrama.test-stag-nv.com\/es\/quienes-somos\/","og_site_name":"Organigrama","article_publisher":"https:\/\/www.facebook.com\/organigramagrup","article_modified_time":"2026-03-25T16:26:39+00:00","og_image":[{"width":450,"height":500,"url":"https:\/\/organigrama.test-stag-nv.com\/wp-content\/uploads\/uploads_images_paginas_quienes-somos_450x500_c_edificis.jpg","type":"image\/jpeg"}],"twitter_card":"summary_large_image","twitter_site":"@gruporganigrama","schema":{"@context":"https:\/\/schema.org","@graph":[{"@type":"WebPage","@id":"https:\/\/organigrama.test-stag-nv.com\/es\/quienes-somos\/","url":"https:\/\/organigrama.test-stag-nv.com\/es\/quienes-somos\/","name":"Qui\u00e9nes somos - Organigrama","isPartOf":{"@id":"https:\/\/organigrama.test-stag-nv.com\/es\/#website"},"primaryImageOfPage":{"@id":"https:\/\/organigrama.test-stag-nv.com\/es\/quienes-somos\/#primaryimage"},"image":{"@id":"https:\/\/organigrama.test-stag-nv.com\/es\/quienes-somos\/#primaryimage"},"thumbnailUrl":"https:\/\/organigrama.test-stag-nv.com\/wp-content\/uploads\/uploads_images_paginas_quienes-somos_450x500_c_edificis.jpg","datePublished":"2025-09-09T06:45:56+00:00","dateModified":"2026-03-25T16:26:39+00:00","breadcrumb":{"@id":"https:\/\/organigrama.test-stag-nv.com\/es\/quienes-somos\/#breadcrumb"},"inLanguage":"es","potentialAction":[{"@type":"ReadAction","target":["https:\/\/organigrama.test-stag-nv.com\/es\/quienes-somos\/"]}]},{"@type":"ImageObject","inLanguage":"es","@id":"https:\/\/organigrama.test-stag-nv.com\/es\/quienes-somos\/#primaryimage","url":"https:\/\/organigrama.test-stag-nv.com\/wp-content\/uploads\/uploads_images_paginas_quienes-somos_450x500_c_edificis.jpg","contentUrl":"https:\/\/organigrama.test-stag-nv.com\/wp-content\/uploads\/uploads_images_paginas_quienes-somos_450x500_c_edificis.jpg"},{"@type":"BreadcrumbList","@id":"https:\/\/organigrama.test-stag-nv.com\/es\/quienes-somos\/#breadcrumb","itemListElement":[{"@type":"ListItem","position":1,"name":"Inicio","item":"https:\/\/organigrama.test-stag-nv.com\/es\/"},{"@type":"ListItem","position":2,"name":"Qui\u00e9nes somos"}]},{"@type":"WebSite","@id":"https:\/\/organigrama.test-stag-nv.com\/es\/#website","url":"https:\/\/organigrama.test-stag-nv.com\/es\/","name":"Organigrama","description":"L&#039;Especialitzaci\u00f3 en Recursos Humans","publisher":{"@id":"https:\/\/organigrama.test-stag-nv.com\/es\/#organization"},"potentialAction":[{"@type":"SearchAction","target":{"@type":"EntryPoint","urlTemplate":"https:\/\/organigrama.test-stag-nv.com\/es\/?s={search_term_string}"},"query-input":{"@type":"PropertyValueSpecification","valueRequired":true,"valueName":"search_term_string"}}],"inLanguage":"es"},{"@type":"Organization","@id":"https:\/\/organigrama.test-stag-nv.com\/es\/#organization","name":"Organigrama","url":"https:\/\/organigrama.test-stag-nv.com\/es\/","logo":{"@type":"ImageObject","inLanguage":"es","@id":"https:\/\/organigrama.test-stag-nv.com\/es\/#\/schema\/logo\/image\/","url":"https:\/\/organigrama.test-stag-nv.com\/wp-content\/uploads\/2025\/07\/uploads_images_164x70_c_logo.png","contentUrl":"https:\/\/organigrama.test-stag-nv.com\/wp-content\/uploads\/2025\/07\/uploads_images_164x70_c_logo.png","width":164,"height":70,"caption":"Organigrama"},"image":{"@id":"https:\/\/organigrama.test-stag-nv.com\/es\/#\/schema\/logo\/image\/"},"sameAs":["https:\/\/www.facebook.com\/organigramagrup","https:\/\/x.com\/gruporganigrama","https:\/\/www.linkedin.com\/company\/organigrama-slu\/"]}]}},"_links":{"self":[{"href":"https:\/\/organigrama.test-stag-nv.com\/es\/wp-json\/wp\/v2\/pages\/2786","targetHints":{"allow":["GET"]}}],"collection":[{"href":"https:\/\/organigrama.test-stag-nv.com\/es\/wp-json\/wp\/v2\/pages"}],"about":[{"href":"https:\/\/organigrama.test-stag-nv.com\/es\/wp-json\/wp\/v2\/types\/page"}],"author":[{"embeddable":true,"href":"https:\/\/organigrama.test-stag-nv.com\/es\/wp-json\/wp\/v2\/users\/1"}],"replies":[{"embeddable":true,"href":"https:\/\/organigrama.test-stag-nv.com\/es\/wp-json\/wp\/v2\/comments?post=2786"}],"version-history":[{"count":5,"href":"https:\/\/organigrama.test-stag-nv.com\/es\/wp-json\/wp\/v2\/pages\/2786\/revisions"}],"predecessor-version":[{"id":2979,"href":"https:\/\/organigrama.test-stag-nv.com\/es\/wp-json\/wp\/v2\/pages\/2786\/revisions\/2979"}],"wp:attachment":[{"href":"https:\/\/organigrama.test-stag-nv.com\/es\/wp-json\/wp\/v2\/media?parent=2786"}],"curies":[{"name":"wp","href":"https:\/\/api.w.org\/{rel}","templated":true}]}}