{"id":2788,"date":"2025-09-09T06:47:27","date_gmt":"2025-09-09T06:47:27","guid":{"rendered":"https:\/\/organigrama.test-stag-nv.com\/faq\/"},"modified":"2026-03-26T10:55:11","modified_gmt":"2026-03-26T10:55:11","slug":"faq","status":"publish","type":"page","link":"https:\/\/organigrama.test-stag-nv.com\/es\/faq\/","title":{"rendered":"FAQ"},"content":{"rendered":"\n<div class=\"wp-block-kadence-tabs alignnone faqs-tabs\"><div class=\"kt-tabs-wrap kt-tabs-id517_1b21ca-2a kt-tabs-has-3-tabs kt-active-tab-3 kt-tabs-layout-tabs kt-tabs-tablet-layout-inherit kt-tabs-mobile-layout-inherit kt-tab-alignment-left \"><ul class=\"kt-tabs-title-list\"><li id=\"tab-faqsbrstrongseleccidepersonalstrong\" class=\"kt-title-item kt-title-item-1 kt-tabs-svg-show-always kt-tabs-icon-side-right kt-tab-title-inactive\"><a href=\"#tab-faqsbrstrongseleccidepersonalstrong\" data-tab=\"1\" class=\"kt-tab-title kt-tab-title-1 \"><span class=\"kt-title-text\">FAQS<br> <strong>Selecci\u00f3n de personal<\/strong><\/span><\/a><\/li><li id=\"tab-faqsbrperaquibuscafeina\" class=\"kt-title-item kt-title-item-2 kt-tabs-svg-show-always kt-tabs-icon-side-right kt-tab-title-inactive\"><a href=\"#tab-faqsbrperaquibuscafeina\" data-tab=\"2\" class=\"kt-tab-title kt-tab-title-2 \"><span class=\"kt-title-text\">FAQS<br> Para quien busca trabajo<\/span><\/a><\/li><li id=\"tab-faqsbraltresserveis\" class=\"kt-title-item kt-title-item-3 kt-tabs-svg-show-always kt-tabs-icon-side-right kt-tab-title-active\"><a href=\"#tab-faqsbraltresserveis\" data-tab=\"3\" class=\"kt-tab-title kt-tab-title-3 \"><span class=\"kt-title-text\">FAQS<br> OTROS servicios<\/span><\/a><\/li><\/ul><div class=\"kt-tabs-content-wrap\">\n<div class=\"wp-block-kadence-tab kt-tab-inner-content kt-inner-tab-1 kt-inner-tab517_edeb5f-04\"><div class=\"kt-tab-inner-content-inner\">\n<div class=\"wp-block-kadence-accordion alignnone faqs-accordion\"><div class=\"kt-accordion-wrap kt-accordion-id517_127e1f-05 kt-accordion-has-4-panes kt-active-pane-0 kt-accordion-block kt-pane-header-alignment-left kt-accodion-icon-style-basic kt-accodion-icon-side-left\" style=\"max-width:none\"><div class=\"kt-accordion-inner-wrap\" data-allow-multiple-open=\"false\" data-start-open=\"0\">\n<div class=\"wp-block-kadence-pane kt-accordion-pane kt-accordion-pane-1 kt-pane517_16cf76-05\"><div class=\"kt-accordion-header-wrap\"><button class=\"kt-blocks-accordion-header kt-acccordion-button-label-show\" type=\"button\"><span class=\"kt-blocks-accordion-title-wrap\"><span class=\"kt-blocks-accordion-title\">\u00bfQu\u00e9 puede aportarnos un proceso de selecci\u00f3n con Organigrama?<\/span><\/span><span class=\"kt-blocks-accordion-icon-trigger\"><\/span><\/button><\/div><div class=\"kt-accordion-panel kt-accordion-panel-hidden\"><div class=\"kt-accordion-panel-inner\">\n<p>Con nuestro servicio de selecci\u00f3n tendr\u00e1 la tranquilidad de contar con profesionales en Recursos Humanos que le ayudar\u00e1n a hacer la <strong>mejor elecci\u00f3n de la persona candidato\/a<\/strong> para su empresa. Esto significa menos riesgos y menos costes asociados a una incorporaci\u00f3n equivocada, porque seleccionamos en base a criterios objetivos y experiencia. <\/p>\n<\/div><\/div><\/div>\n\n\n\n<div class=\"wp-block-kadence-pane kt-accordion-pane kt-accordion-pane-2 kt-pane517_5d6205-14\"><div class=\"kt-accordion-header-wrap\"><button class=\"kt-blocks-accordion-header kt-acccordion-button-label-show\" type=\"button\"><span class=\"kt-blocks-accordion-title-wrap\"><span class=\"kt-blocks-accordion-title\">Ya tenemos candidatos escogidos, pero querr\u00edamos una segunda opini\u00f3n. \u00bfPuede hacerlo? <\/span><\/span><span class=\"kt-blocks-accordion-icon-trigger\"><\/span><\/button><\/div><div class=\"kt-accordion-panel kt-accordion-panel-hidden\"><div class=\"kt-accordion-panel-inner\">\n<p><strong>\u00a1S\u00ed!<\/strong>  Si ya tienes una lista de finalistas y quieres asegurar su calidad objetivamente, podemos revisar tu proceso o acompa\u00f1arte en una fase espec\u00edfica. Incluso podemos estar presentes en la entrevista final o ayudarte a prepararla para sacar el m\u00e1ximo de la conversaci\u00f3n. <\/p>\n<\/div><\/div><\/div>\n\n\n\n<div class=\"wp-block-kadence-pane kt-accordion-pane kt-accordion-pane-3 kt-pane517_9e60bf-a7\"><div class=\"kt-accordion-header-wrap\"><button class=\"kt-blocks-accordion-header kt-acccordion-button-label-show\" type=\"button\"><span class=\"kt-blocks-accordion-title-wrap\"><span class=\"kt-blocks-accordion-title\">\u00bfQu\u00e9 aspectos eval\u00faa de las personas que optan por una vacante?<\/span><\/span><span class=\"kt-blocks-accordion-icon-trigger\"><\/span><\/button><\/div><div class=\"kt-accordion-panel kt-accordion-panel-hidden\"><div class=\"kt-accordion-panel-inner\">\n<p>Hacemos una <strong>evaluaci\u00f3n psicot\u00e9cnica adaptada al perfil y proceso<\/strong> , que puede incluir factores como:<\/p>\n\n\n\n<ul class=\"wp-block-list\">\n<li>capacidad de integraci\u00f3n en equipo<\/li>\n\n\n\n<li>habilidades comunicativas<\/li>\n\n\n\n<li>tolerancia al estr\u00e9s<\/li>\n\n\n\n<li>motivaci\u00f3n por el trabajo<\/li>\n\n\n\n<li>perfil de aprendizaje y desarrollo futura<\/li>\n<\/ul>\n\n\n\n<p>Esto nos ayuda a predecir con mayor fiabilidad c\u00f3mo encajar\u00e1 una persona en el lugar y la empresa.<\/p>\n<\/div><\/div><\/div>\n\n\n\n<div class=\"wp-block-kadence-pane kt-accordion-pane kt-accordion-pane-4 kt-pane517_d55dee-90\"><div class=\"kt-accordion-header-wrap\"><button class=\"kt-blocks-accordion-header kt-acccordion-button-label-show\" type=\"button\"><span class=\"kt-blocks-accordion-title-wrap\"><span class=\"kt-blocks-accordion-title\">\u00bfPor qu\u00e9 deber\u00edamos elegir trabajar con Organigrama?<\/span><\/span><span class=\"kt-blocks-accordion-icon-trigger\"><\/span><\/button><\/div><div class=\"kt-accordion-panel kt-accordion-panel-hidden\"><div class=\"kt-accordion-panel-inner\">\n<p>Estamos junto a usted como socio de confianza en recursos humanos. Nuestra experiencia de m\u00e1s de treinta a\u00f1os avala la solidez de nuestros servicios. Profesionalidad, proximidad y enfoque realista son las claves de nuestro trabajo \u2014 siempre ajustado a la cultura ya las exigencias de su empresa.  <\/p>\n<\/div><\/div><\/div>\n<\/div><\/div><\/div>\n<\/div><\/div>\n\n\n\n<div class=\"wp-block-kadence-tab kt-tab-inner-content kt-inner-tab-2 kt-inner-tab517_ac60fc-65\"><div class=\"kt-tab-inner-content-inner\">\n<div class=\"wp-block-kadence-accordion alignnone faqs-accordion\"><div class=\"kt-accordion-wrap kt-accordion-id517_3cb7fa-05 kt-accordion-has-3-panes kt-active-pane-0 kt-accordion-block kt-pane-header-alignment-left kt-accodion-icon-style-basic kt-accodion-icon-side-left\" style=\"max-width:none\"><div class=\"kt-accordion-inner-wrap\" data-allow-multiple-open=\"false\" data-start-open=\"0\">\n<div class=\"wp-block-kadence-pane kt-accordion-pane kt-accordion-pane-1 kt-pane517_c77d9a-bb\"><div class=\"kt-accordion-header-wrap\"><button class=\"kt-blocks-accordion-header kt-acccordion-button-label-show\" type=\"button\"><span class=\"kt-blocks-accordion-title-wrap\"><span class=\"kt-blocks-accordion-title\">\u00bfC\u00f3mo puedo apuntarme a la bolsa de trabajo del Grup Organigrama?<\/span><\/span><span class=\"kt-blocks-accordion-icon-trigger\"><\/span><\/button><\/div><div class=\"kt-accordion-panel kt-accordion-panel-hidden\"><div class=\"kt-accordion-panel-inner\">\n<p>La forma m\u00e1s \u00e1gil es <strong>consultar las ofertas que publicamos<\/strong> e inscribirte en las que m\u00e1s encajen con tu perfil. Las ofertas y candidaturas se gestionan a trav\u00e9s del portal <strong>Infofeina<\/strong> . <\/p>\n<\/div><\/div><\/div>\n\n\n\n<div class=\"wp-block-kadence-pane kt-accordion-pane kt-accordion-pane-2 kt-pane517_77b88b-06\"><div class=\"kt-accordion-header-wrap\"><button class=\"kt-blocks-accordion-header kt-acccordion-button-label-show\" type=\"button\"><span class=\"kt-blocks-accordion-title-wrap\"><span class=\"kt-blocks-accordion-title\">\u00bfEs necesario llevar el curr\u00edculum en persona o lo puedo hacer por internet?<\/span><\/span><span class=\"kt-blocks-accordion-icon-trigger\"><\/span><\/button><\/div><div class=\"kt-accordion-panel kt-accordion-panel-hidden\"><div class=\"kt-accordion-panel-inner\">\n<p>Tienes que hacer <strong>todo el proceso online<\/strong> : mira las ofertas e inscr\u00edbete. Si eres preseleccionado\/a, te contactaremos para entrevista y entonces ya podr\u00e1s llevar documentos o curr\u00edculum presencialmente si es necesario. <\/p>\n<\/div><\/div><\/div>\n\n\n\n<div class=\"wp-block-kadence-pane kt-accordion-pane kt-accordion-pane-3 kt-pane517_a5e226-71\"><div class=\"kt-accordion-header-wrap\"><button class=\"kt-blocks-accordion-header kt-acccordion-button-label-show\" type=\"button\"><span class=\"kt-blocks-accordion-title-wrap\"><span class=\"kt-blocks-accordion-title\">Ya tengo trabajo, pero quiero mejorar mi situaci\u00f3n laboral. \u00bfQu\u00e9 me aconsej\u00e1is? <\/span><\/span><span class=\"kt-blocks-accordion-icon-trigger\"><\/span><\/button><\/div><div class=\"kt-accordion-panel kt-accordion-panel-hidden\"><div class=\"kt-accordion-panel-inner\">\n<p>Te recomendamos que te des <strong>de alta como candidato\/a<\/strong> y configures tus preferencias de perfil y ofertas. Haciendo esto, cuando aparezca una plaza que se ajuste a tus intereses, te la podemos enviar directamente por correo electr\u00f3nico. <\/p>\n<\/div><\/div><\/div>\n<\/div><\/div><\/div>\n<\/div><\/div>\n\n\n\n<div class=\"wp-block-kadence-tab kt-tab-inner-content kt-inner-tab-3 kt-inner-tab517_3df45f-04\"><div class=\"kt-tab-inner-content-inner\">\n<div class=\"wp-block-kadence-accordion alignnone faqs-accordion\"><div class=\"kt-accordion-wrap kt-accordion-id517_d2d925-14 kt-accordion-has-3-panes kt-active-pane-0 kt-accordion-block kt-pane-header-alignment-left kt-accodion-icon-style-basic kt-accodion-icon-side-left\" style=\"max-width:none\"><div class=\"kt-accordion-inner-wrap\" data-allow-multiple-open=\"false\" data-start-open=\"0\">\n<div class=\"wp-block-kadence-pane kt-accordion-pane kt-accordion-pane-1 kt-pane517_560804-d0\"><div class=\"kt-accordion-header-wrap\"><button class=\"kt-blocks-accordion-header kt-acccordion-button-label-show\" type=\"button\"><span class=\"kt-blocks-accordion-title-wrap\"><span class=\"kt-blocks-accordion-title\">\u00bfTiene otros servicios especializados m\u00e1s all\u00e1 de selecci\u00f3n, la evaluaci\u00f3n de personal y el headhunting?<\/span><\/span><span class=\"kt-blocks-accordion-icon-trigger\"><\/span><\/button><\/div><div class=\"kt-accordion-panel kt-accordion-panel-hidden\"><div class=\"kt-accordion-panel-inner\">\n<p>S\u00ed. Aparte de los servicios habituales, tambi\u00e9n ofrecemos equipos especializados en: <\/p>\n\n\n\n<ul class=\"wp-block-list\">\n<li>evaluaci\u00f3n de puestos de trabajo<\/li>\n\n\n\n<li>valoraci\u00f3n interna de personal para promociones<\/li>\n\n\n\n<li>servicios de <strong>outplacement<\/strong><\/li>\n\n\n\n<li>an\u00e1lisis de sueldos e incentivos<\/li>\n<\/ul>\n\n\n\n<p>Todo esto para ayudarte a <strong>trabajar mejor con tu equipo y tomar decisiones estrat\u00e9gicas de RRHH.<\/strong><strong><\/strong><\/p>\n<\/div><\/div><\/div>\n<\/div><\/div><\/div>\n<\/div><\/div>\n<\/div><\/div><\/div>\n","protected":false},"excerpt":{"rendered":"","protected":false},"author":1,"featured_media":0,"parent":0,"menu_order":0,"comment_status":"closed","ping_status":"closed","template":"page-with-title","meta":{"footnotes":""},"class_list":["post-2788","page","type-page","status-publish","hentry"],"yoast_head":"<!-- This site is optimized with the Yoast SEO plugin v27.1.1 - https:\/\/yoast.com\/product\/yoast-seo-wordpress\/ -->\n<title>FAQ - Organigrama<\/title>\n<meta name=\"robots\" content=\"noindex, follow, max-snippet:-1, max-image-preview:large, max-video-preview:-1\" \/>\n<meta property=\"og:locale\" content=\"es_ES\" \/>\n<meta property=\"og:type\" content=\"article\" \/>\n<meta property=\"og:title\" content=\"FAQ - Organigrama\" \/>\n<meta property=\"og:url\" content=\"https:\/\/organigrama.test-stag-nv.com\/es\/faq\/\" \/>\n<meta property=\"og:site_name\" content=\"Organigrama\" \/>\n<meta property=\"article:publisher\" content=\"https:\/\/www.facebook.com\/organigramagrup\" \/>\n<meta property=\"article:modified_time\" content=\"2026-03-26T10:55:11+00:00\" \/>\n<meta name=\"twitter:card\" content=\"summary_large_image\" \/>\n<meta name=\"twitter:site\" content=\"@gruporganigrama\" \/>\n<script type=\"application\/ld+json\" class=\"yoast-schema-graph\">{\"@context\":\"https:\/\/schema.org\",\"@graph\":[{\"@type\":\"WebPage\",\"@id\":\"https:\/\/organigrama.test-stag-nv.com\/es\/faq\/\",\"url\":\"https:\/\/organigrama.test-stag-nv.com\/es\/faq\/\",\"name\":\"FAQ - Organigrama\",\"isPartOf\":{\"@id\":\"https:\/\/organigrama.test-stag-nv.com\/es\/#website\"},\"datePublished\":\"2025-09-09T06:47:27+00:00\",\"dateModified\":\"2026-03-26T10:55:11+00:00\",\"breadcrumb\":{\"@id\":\"https:\/\/organigrama.test-stag-nv.com\/es\/faq\/#breadcrumb\"},\"inLanguage\":\"es\",\"potentialAction\":[{\"@type\":\"ReadAction\",\"target\":[\"https:\/\/organigrama.test-stag-nv.com\/es\/faq\/\"]}]},{\"@type\":\"BreadcrumbList\",\"@id\":\"https:\/\/organigrama.test-stag-nv.com\/es\/faq\/#breadcrumb\",\"itemListElement\":[{\"@type\":\"ListItem\",\"position\":1,\"name\":\"Inicio\",\"item\":\"https:\/\/organigrama.test-stag-nv.com\/es\/\"},{\"@type\":\"ListItem\",\"position\":2,\"name\":\"FAQ\"}]},{\"@type\":\"WebSite\",\"@id\":\"https:\/\/organigrama.test-stag-nv.com\/es\/#website\",\"url\":\"https:\/\/organigrama.test-stag-nv.com\/es\/\",\"name\":\"Organigrama\",\"description\":\"L&#039;Especialitzaci\u00f3 en Recursos Humans\",\"publisher\":{\"@id\":\"https:\/\/organigrama.test-stag-nv.com\/es\/#organization\"},\"potentialAction\":[{\"@type\":\"SearchAction\",\"target\":{\"@type\":\"EntryPoint\",\"urlTemplate\":\"https:\/\/organigrama.test-stag-nv.com\/es\/?s={search_term_string}\"},\"query-input\":{\"@type\":\"PropertyValueSpecification\",\"valueRequired\":true,\"valueName\":\"search_term_string\"}}],\"inLanguage\":\"es\"},{\"@type\":\"Organization\",\"@id\":\"https:\/\/organigrama.test-stag-nv.com\/es\/#organization\",\"name\":\"Organigrama\",\"url\":\"https:\/\/organigrama.test-stag-nv.com\/es\/\",\"logo\":{\"@type\":\"ImageObject\",\"inLanguage\":\"es\",\"@id\":\"https:\/\/organigrama.test-stag-nv.com\/es\/#\/schema\/logo\/image\/\",\"url\":\"https:\/\/organigrama.test-stag-nv.com\/wp-content\/uploads\/2025\/07\/uploads_images_164x70_c_logo.png\",\"contentUrl\":\"https:\/\/organigrama.test-stag-nv.com\/wp-content\/uploads\/2025\/07\/uploads_images_164x70_c_logo.png\",\"width\":164,\"height\":70,\"caption\":\"Organigrama\"},\"image\":{\"@id\":\"https:\/\/organigrama.test-stag-nv.com\/es\/#\/schema\/logo\/image\/\"},\"sameAs\":[\"https:\/\/www.facebook.com\/organigramagrup\",\"https:\/\/x.com\/gruporganigrama\",\"https:\/\/www.linkedin.com\/company\/organigrama-slu\/\"]}]}<\/script>\n<!-- \/ Yoast SEO plugin. -->","yoast_head_json":{"title":"FAQ - Organigrama","robots":{"index":"noindex","follow":"follow","max-snippet":"max-snippet:-1","max-image-preview":"max-image-preview:large","max-video-preview":"max-video-preview:-1"},"og_locale":"es_ES","og_type":"article","og_title":"FAQ - Organigrama","og_url":"https:\/\/organigrama.test-stag-nv.com\/es\/faq\/","og_site_name":"Organigrama","article_publisher":"https:\/\/www.facebook.com\/organigramagrup","article_modified_time":"2026-03-26T10:55:11+00:00","twitter_card":"summary_large_image","twitter_site":"@gruporganigrama","schema":{"@context":"https:\/\/schema.org","@graph":[{"@type":"WebPage","@id":"https:\/\/organigrama.test-stag-nv.com\/es\/faq\/","url":"https:\/\/organigrama.test-stag-nv.com\/es\/faq\/","name":"FAQ - Organigrama","isPartOf":{"@id":"https:\/\/organigrama.test-stag-nv.com\/es\/#website"},"datePublished":"2025-09-09T06:47:27+00:00","dateModified":"2026-03-26T10:55:11+00:00","breadcrumb":{"@id":"https:\/\/organigrama.test-stag-nv.com\/es\/faq\/#breadcrumb"},"inLanguage":"es","potentialAction":[{"@type":"ReadAction","target":["https:\/\/organigrama.test-stag-nv.com\/es\/faq\/"]}]},{"@type":"BreadcrumbList","@id":"https:\/\/organigrama.test-stag-nv.com\/es\/faq\/#breadcrumb","itemListElement":[{"@type":"ListItem","position":1,"name":"Inicio","item":"https:\/\/organigrama.test-stag-nv.com\/es\/"},{"@type":"ListItem","position":2,"name":"FAQ"}]},{"@type":"WebSite","@id":"https:\/\/organigrama.test-stag-nv.com\/es\/#website","url":"https:\/\/organigrama.test-stag-nv.com\/es\/","name":"Organigrama","description":"L&#039;Especialitzaci\u00f3 en Recursos Humans","publisher":{"@id":"https:\/\/organigrama.test-stag-nv.com\/es\/#organization"},"potentialAction":[{"@type":"SearchAction","target":{"@type":"EntryPoint","urlTemplate":"https:\/\/organigrama.test-stag-nv.com\/es\/?s={search_term_string}"},"query-input":{"@type":"PropertyValueSpecification","valueRequired":true,"valueName":"search_term_string"}}],"inLanguage":"es"},{"@type":"Organization","@id":"https:\/\/organigrama.test-stag-nv.com\/es\/#organization","name":"Organigrama","url":"https:\/\/organigrama.test-stag-nv.com\/es\/","logo":{"@type":"ImageObject","inLanguage":"es","@id":"https:\/\/organigrama.test-stag-nv.com\/es\/#\/schema\/logo\/image\/","url":"https:\/\/organigrama.test-stag-nv.com\/wp-content\/uploads\/2025\/07\/uploads_images_164x70_c_logo.png","contentUrl":"https:\/\/organigrama.test-stag-nv.com\/wp-content\/uploads\/2025\/07\/uploads_images_164x70_c_logo.png","width":164,"height":70,"caption":"Organigrama"},"image":{"@id":"https:\/\/organigrama.test-stag-nv.com\/es\/#\/schema\/logo\/image\/"},"sameAs":["https:\/\/www.facebook.com\/organigramagrup","https:\/\/x.com\/gruporganigrama","https:\/\/www.linkedin.com\/company\/organigrama-slu\/"]}]}},"_links":{"self":[{"href":"https:\/\/organigrama.test-stag-nv.com\/es\/wp-json\/wp\/v2\/pages\/2788","targetHints":{"allow":["GET"]}}],"collection":[{"href":"https:\/\/organigrama.test-stag-nv.com\/es\/wp-json\/wp\/v2\/pages"}],"about":[{"href":"https:\/\/organigrama.test-stag-nv.com\/es\/wp-json\/wp\/v2\/types\/page"}],"author":[{"embeddable":true,"href":"https:\/\/organigrama.test-stag-nv.com\/es\/wp-json\/wp\/v2\/users\/1"}],"replies":[{"embeddable":true,"href":"https:\/\/organigrama.test-stag-nv.com\/es\/wp-json\/wp\/v2\/comments?post=2788"}],"version-history":[{"count":5,"href":"https:\/\/organigrama.test-stag-nv.com\/es\/wp-json\/wp\/v2\/pages\/2788\/revisions"}],"predecessor-version":[{"id":2837,"href":"https:\/\/organigrama.test-stag-nv.com\/es\/wp-json\/wp\/v2\/pages\/2788\/revisions\/2837"}],"wp:attachment":[{"href":"https:\/\/organigrama.test-stag-nv.com\/es\/wp-json\/wp\/v2\/media?parent=2788"}],"curies":[{"name":"wp","href":"https:\/\/api.w.org\/{rel}","templated":true}]}}