{"id":2825,"date":"2025-05-27T15:49:25","date_gmt":"2025-05-27T15:49:25","guid":{"rendered":"https:\/\/organigrama.test-stag-nv.com\/politica-de-privacidad\/"},"modified":"2026-03-06T11:43:55","modified_gmt":"2026-03-06T11:43:55","slug":"politica-de-privacidad","status":"publish","type":"page","link":"https:\/\/organigrama.test-stag-nv.com\/es\/politica-de-privacidad\/","title":{"rendered":"Pol\u00edtica de privacidad"},"content":{"rendered":"\n<p>Mayo 2018<\/p>\n\n<p>ORGANIGRAMA SLU se compromete a proteger la privacidad de los usuarios que accedan a esta web y\/o cualquiera de sus servicios. La utilizaci\u00f3n de la web y\/o de cualquiera de los servicios ofrecidos por ORGANIGRAMA SLU, implica la aceptaci\u00f3n por el usuario de las disposiciones contenidas en la presente Pol\u00edtica de Privacidad y que sus datos personales sean tratados seg\u00fan se estipula en ella. Por favor, tenga en cuenta que aunque pueda haber enlaces de nuestra web a otras webs, esta Pol\u00edtica de Privacidad no se aplica a las webs de otras compa\u00f1\u00edas u organizaciones a las que la web est\u00e9 redirigida. ORGANIGRAMA SLU, no controla el contenido de las webs de terceros ni acepta cualquier responsabilidad por el contenido o las pol\u00edticas de privacidad de estas webs.   <\/p>\n\n<p><strong>Informaci\u00f3n b\u00e1sica sobre el tratamiento de datos (<\/strong> <strong>Reglamento (UE) 2016\/679)<\/strong><\/p>\n\n<figure class=\"wp-block-table\"><table class=\"has-fixed-layout\"><tbody><tr><td>Responsable del tratamiento<\/td><td>ORGANIGRAMA SLUNIF: B17344003C\/ Acequia, 11, 2\u00ba, 17001 GironaEmail: organigrama@organigrama.cat<\/td><\/tr><tr><td>Finalidad del tratamiento<\/td><td>Ofrecer, prestar y facturar nuestros servicios de formaci\u00f3n, selecci\u00f3n de personal y consultor\u00eda en recursos humanos.<\/td><\/tr><tr><td>Legitimaci\u00f3n<\/td><td>  \u00a7 Consentimiento obtenido del interesado. \u00a7 Ejecuci\u00f3n del contrato de servicios. <\/td><\/tr><tr><td>Destinatarios<\/td><td>Los datos no ser\u00e1n comunicados a terceros, salvo que lo exija una ley o sea necesario para cumplir con la finalidad del tratamiento.<\/td><\/tr><tr><td>Derechos de las personas<\/td><td>Los interesados \u200b\u200btienen derecho a ejercer los derechos de acceso, rectificaci\u00f3n, limitaci\u00f3n de tratamiento, supresi\u00f3n, portabilidad y oposici\u00f3n, enviando su solicitud a nuestra direcci\u00f3n.<\/td><\/tr><tr><td>Plazo de conservaci\u00f3n de los datos<\/td><td>Mientras se mantenga la relaci\u00f3n comercial o durante los a\u00f1os necesarios para cumplir con sus obligaciones legales.<\/td><\/tr><tr><td>Reclamaci\u00f3n<\/td><td>Los interesados \u200b\u200bpueden dirigirse a la AEPD para presentar la reclamaci\u00f3n que considere oportuna.<\/td><\/tr><tr><td>Informaci\u00f3n adicional<\/td><td>Puede consultar la informaci\u00f3n adicional y detallada a continuaci\u00f3n en las \u00abCuestiones sobre privacidad\u00bb.<\/td><\/tr><\/tbody><\/table><\/figure>\n\n<p><strong><u>Cuestiones sobre privacidad<\/u><\/strong><\/p>\n\n<p>En cumplimiento del Reglamento (UE) 2016\/679 del Parlamento Europeo y del Consejo, de 27 de abril de 2016, (RGPD), le ofrecemos la siguiente informaci\u00f3n sobre el tratamiento de sus datos personales:<\/p>\n\n<p><strong>\u00bfQui\u00e9n es el responsable del tratamiento de sus datos?<\/strong><\/p>\n\n<ul class=\"wp-block-list\">\n<li>Identidad: ORGANIGRAMA SLU<\/li>\n\n\n\n<li>NIF: B17344003<\/li>\n\n\n\n<li>Direcci\u00f3n: C\/ Acequia, 11, 2\u00ba, 17001 Girona<\/li>\n\n\n\n<li>Tel.: 972222900<\/li>\n\n\n\n<li>Email: organigrama@organigrama.cat<\/li>\n<\/ul>\n\n<p><strong>\u00bfCon qu\u00e9 finalidad tratamos sus datos personales?<\/strong><\/p>\n\n<ul class=\"wp-block-list\">\n<li>Tratamos la informaci\u00f3n que se nos facilita para prestar y facturar nuestros servicios de formaci\u00f3n, selecci\u00f3n de personal y consultor\u00eda en recursos humanos.<\/li>\n\n\n\n<li>Si nos da su consentimiento, tambi\u00e9n podremos tratar sus datos para enviarle informaci\u00f3n sobre nuestras actividades, productos o servicios.<\/li>\n\n\n\n<li>Si nos env\u00eda un curr\u00edculum, trataremos los datos con el fin de gestionar la base de CV para la selecci\u00f3n de personal.<\/li>\n<\/ul>\n\n<p><strong>\u00bfPor cu\u00e1nto tiempo conservaremos sus datos?<\/strong><\/p>\n\n<ul class=\"wp-block-list\">\n<li>Los datos personales proporcionados se conservar\u00e1n mientras sea usuario de nuestros servicios o quiera recibir informaci\u00f3n, y despu\u00e9s, durante los plazos establecidos para cumplir con nuestras obligaciones legales.<\/li>\n\n\n\n<li>En el caso de los curr\u00edculums, los datos se conservar\u00e1n durante un a\u00f1o.<\/li>\n<\/ul>\n\n<p><strong>\u00bfCu\u00e1l es la legitimaci\u00f3n para el tratamiento de sus datos?<\/strong><\/p>\n\n<p>La legitimaci\u00f3n para su tratamiento se encuentra en la ejecuci\u00f3n del contrato de servicios y en los consentimientos que nos da.<\/p>\n\n<p>Respecto a aquella informaci\u00f3n que sea remitida por menores de 16 a\u00f1os, ser\u00e1 requisito imprescindible que se haga con el consentimiento paterno, tutor o legal representante del menor para que los datos personales puedan ser objeto de tratamiento. Si no es as\u00ed, el representante legal del menor debe comunicarlo tan pronto como tenga conocimiento. <\/p>\n\n<p>Por lo que respecta a la captaci\u00f3n de im\u00e1genes por el sistema de videovigilancia, la legitimaci\u00f3n bien dada por el inter\u00e9s leg\u00edtimo de preservar la seguridad de las personas y bienes.<\/p>\n\n<p><strong>\u00bfA qu\u00e9 destinatarios se comunicar\u00e1n sus datos?<\/strong><\/p>\n\n<p>Los datos no ser\u00e1n comunicados a terceros, salvo que lo exija una ley o sea necesario para cumplir con la finalidad del tratamiento.<\/p>\n\n<p><strong>\u00bfCu\u00e1les son sus derechos cuando nos facilita sus datos?<\/strong><\/p>\n\n<ul class=\"wp-block-list\">\n<li>Cualquier persona tiene derecho a obtener confirmaci\u00f3n sobre si estamos tratando o no sus datos personales.<\/li>\n\n\n\n<li>Las personas interesadas tienen derecho a acceder a sus datos personales, as\u00ed como a solicitar la rectificaci\u00f3n de los datos inexactos o, en su caso, solicitar su supresi\u00f3n cuando, entre otros motivos, los datos ya no sean necesarios para los fines para los que se recogieron.<\/li>\n\n\n\n<li>En determinadas circunstancias los interesados \u200b\u200bpodr\u00e1n solicitar la limitaci\u00f3n del tratamiento de sus datos, en cuyo caso \u00fanicamente los conservaremos para el ejercicio o la defensa de reclamaciones.<\/li>\n\n\n\n<li>Tambi\u00e9n, en determinadas circunstancias y por motivos relacionados con su situaci\u00f3n particular, los interesados \u200b\u200bpueden oponerse al tratamiento de sus datos. En este caso dejaremos de tratarlas, salvo por motivos leg\u00edtimos imperiosos o para el ejercicio o defensa de posibles reclamaciones. <\/li>\n\n\n\n<li>Los interesados \u200b\u200btambi\u00e9n tendr\u00e1n derecho a la portabilidad de sus datos.<\/li>\n\n\n\n<li>Por \u00faltimo, los interesados \u200b\u200btienen derecho a presentar una reclamaci\u00f3n ante la Autoridad de Control competente.<\/li>\n<\/ul>\n\n<p><strong>\u00bfC\u00f3mo puede ejercer sus derechos?<\/strong><\/p>\n\n<p>Envi\u00e1ndonos un escrito adjuntando una copia de un documento que lo identifique, en nuestra direcci\u00f3n f\u00edsica o en la electr\u00f3nica.<\/p>\n\n<p><strong>\u00bfC\u00f3mo hemos obtenido sus datos?<\/strong><\/p>\n\n<p>Los datos personales que tratamos proceden del propio interesado, quien garantiza que los datos personales facilitados son ciertos y se hace responsable de comunicar cualquier modificaci\u00f3n. Los datos que est\u00e9n marcados con un asterisco son obligatorios para poder darle el servicio solicitado. <\/p>\n\n<p><strong>\u00bfQu\u00e9 datos tratamos?<\/strong><\/p>\n\n<p>Las categor\u00edas de datos que podemos tratar son:<\/p>\n\n<ul class=\"wp-block-list\">\n<li>Datos de car\u00e1cter identificativo<\/li>\n\n\n\n<li>Direcciones postales o electr\u00f3nicas<\/li>\n<\/ul>\n\n<p>En el caso de los curr\u00edculums, tambi\u00e9n:<\/p>\n\n<ul class=\"wp-block-list\">\n<li>Caracter\u00edsticas personales<\/li>\n\n\n\n<li>Acad\u00e9micas y profesional<\/li>\n<\/ul>\n\n<p>Los datos son limitados, dado que \u00fanicamente tratamos los datos necesarios para la prestaci\u00f3n de nuestros servicios y la gesti\u00f3n de nuestra actividad.<\/p>\n\n<p><strong>\u00bfUtilizamos cookies?<\/strong><\/p>\n\n<p>Utilizamos cookies durante la navegaci\u00f3n en nuestra web con el consentimiento del usuario.<\/p>\n\n<p>El usuario puede configurar su navegador para que le avise de la utilizaci\u00f3n de cookies y para evitar su uso. Por favor, visite nuestra pol\u00edtica de cookies. <\/p>\n\n<p><strong>\u00bfQu\u00e9 medidas de seguridad aplicamos?<\/strong><\/p>\n\n<p>Aplicamos las medidas de seguridad establecidas en el art\u00edculo 32 del RGPD, por tanto hemos adoptado las medidas de seguridad necesarias para garantizar un nivel de seguridad adecuado al riesgo del tratamiento de datos que realizamos, con mecanismos que nos permitan garantizar la confidencialidad, integridad, disponibilidad y resiliencia permanente de los sistemas y servicios de tratamiento.<\/p>\n\n<p>Algunas de estas medidas son:<\/p>\n\n<ul class=\"wp-block-list\">\n<li>Informaci\u00f3n de las pol\u00edticas de tratamiento de datos al personal.<\/li>\n\n\n\n<li>Realizaci\u00f3n de copias de seguridad peri\u00f3dicas.<\/li>\n\n\n\n<li>Control de acceso a los datos.<\/li>\n\n\n\n<li>Procesos de verificaci\u00f3n, evaluaci\u00f3n y valoraci\u00f3n regulares.<\/li>\n<\/ul>\n\n<p><strong>\u00bfC\u00f3mo tratamos los datos por cuenta de terceros?<\/strong><\/p>\n\n<p>Cuando en la prestaci\u00f3n de nuestros servicios tratamos datos de car\u00e1cter personal de los que nuestros clientes son los responsables, lo hacemos en calidad de encargados del tratamiento, de conformidad con lo establecido en el art\u00edculo 28 del RGPD y, por tanto, en estos tratamientos de los datos personales:<\/p>\n\n<ol style=\"list-style-type:lower-alpha\" class=\"wp-block-list\">\n<li>Trataremos los datos personales \u00fanicamente siguiendo instrucciones documentadas del responsable, incluso en relaci\u00f3n con las transferencias de datos personales a un tercer pa\u00eds oa una organizaci\u00f3n internacional, salvo que est\u00e9 obligado a ello en virtud del derecho de la Uni\u00f3n o de los Estados miembros al que est\u00e1 sujeto el encargado. En este caso, informaremos al responsable de esta exigencia legal previa al tratamiento, salvo que este derecho lo proh\u00edba por importantes razones de inter\u00e9s p\u00fablico. <\/li>\n\n\n\n<li>Garantizamos que las personas autorizadas para tratar datos personales se han comprometido a respetar su confidencialidad o est\u00e1n sujetas a una obligaci\u00f3n de confidencialidad de naturaleza estatutaria.<\/li>\n\n\n\n<li>Se han adoptado todas las medidas de seguridad necesarias, de conformidad con el art\u00edculo 32 del RGPD.<\/li>\n\n\n\n<li>Respetaremos las condiciones indicadas en los apartados 2 y 4 del art\u00edculo 28 del RGPD para recurrir a otro encargado del tratamiento.<\/li>\n\n\n\n<li>Asistiremos al responsable, siempre que sea posible, de acuerdo con la naturaleza del tratamiento y mediante las medidas t\u00e9cnicas y organizativas adecuadas, para que pueda cumplir con la obligaci\u00f3n de responder a las solicitudes que tengan por objeto el ejercicio de los derechos de los interesados \u200b\u200bestablecidos en el cap\u00edtulo III del RGPD.<\/li>\n\n\n\n<li>Ayudaremos al responsable a garantizar el cumplimiento de las obligaciones que sobre seguridad de los datos establecen los art\u00edculos 32 a 36 del RGPD, teniendo en cuenta la naturaleza del tratamiento y la informaci\u00f3n puesta a nuestra disposici\u00f3n.<\/li>\n\n\n\n<li>A elecci\u00f3n del responsable, suprimiremos o devolveremos todos los datos personales una vez finalice la prestaci\u00f3n de los servicios de tratamiento y suprimiremos las copias existentes a menos que se requiera la conservaci\u00f3n de los datos personales en virtud del Derecho de la Uni\u00f3n o de los Estados miembros.<\/li>\n\n\n\n<li>Pondremos a disposici\u00f3n del responsable toda la informaci\u00f3n necesaria para demostrar el cumplimiento de las obligaciones establecidas en el arte. 28 del RGPD, as\u00ed como para permitir y contribuir a la realizaci\u00f3n de auditor\u00edas, incluidas inspecciones, por parte del responsable o de otro auditor autorizado por ese responsable. <\/li>\n<\/ol>\n\n<p>La tipolog\u00eda de datos, la categor\u00eda de interesados \u200b\u200by los tratamientos que podremos realizar por cuenta de nuestros clientes, se establecer\u00e1n en el correspondiente contrato de tratamiento de datos.<\/p>\n","protected":false},"excerpt":{"rendered":"<p>Mayo 2018 ORGANIGRAMA SLU se compromete a proteger la privacidad de los usuarios que accedan a esta web y\/o cualquiera de sus servicios. La utilizaci\u00f3n de la web y\/o de cualquiera de los servicios ofrecidos por ORGANIGRAMA SLU, implica la aceptaci\u00f3n por el usuario de las disposiciones contenidas en la presente Pol\u00edtica de Privacidad y [&hellip;]<\/p>\n","protected":false},"author":1,"featured_media":0,"parent":0,"menu_order":0,"comment_status":"closed","ping_status":"closed","template":"page-with-title","meta":{"footnotes":""},"class_list":["post-2825","page","type-page","status-publish","hentry"],"yoast_head":"<!-- This site is optimized with the Yoast SEO plugin v27.1.1 - https:\/\/yoast.com\/product\/yoast-seo-wordpress\/ -->\n<title>Pol\u00edtica de privacidad - Organigrama<\/title>\n<meta name=\"robots\" content=\"noindex, follow, max-snippet:-1, max-image-preview:large, max-video-preview:-1\" \/>\n<meta property=\"og:locale\" content=\"es_ES\" \/>\n<meta property=\"og:type\" content=\"article\" \/>\n<meta property=\"og:title\" content=\"Pol\u00edtica de privacidad - Organigrama\" \/>\n<meta property=\"og:description\" content=\"Mayo 2018 ORGANIGRAMA SLU se compromete a proteger la privacidad de los usuarios que accedan a esta web y\/o cualquiera de sus servicios. La utilizaci\u00f3n de la web y\/o de cualquiera de los servicios ofrecidos por ORGANIGRAMA SLU, implica la aceptaci\u00f3n por el usuario de las disposiciones contenidas en la presente Pol\u00edtica de Privacidad y [&hellip;]\" \/>\n<meta property=\"og:url\" content=\"https:\/\/organigrama.test-stag-nv.com\/es\/politica-de-privacidad\/\" \/>\n<meta property=\"og:site_name\" content=\"Organigrama\" \/>\n<meta property=\"article:publisher\" content=\"https:\/\/www.facebook.com\/organigramagrup\" \/>\n<meta property=\"article:modified_time\" content=\"2026-03-06T11:43:55+00:00\" \/>\n<meta name=\"twitter:card\" content=\"summary_large_image\" \/>\n<meta name=\"twitter:site\" content=\"@gruporganigrama\" \/>\n<meta name=\"twitter:label1\" content=\"Tiempo de lectura\" \/>\n\t<meta name=\"twitter:data1\" content=\"8 minutos\" \/>\n<script type=\"application\/ld+json\" class=\"yoast-schema-graph\">{\"@context\":\"https:\/\/schema.org\",\"@graph\":[{\"@type\":\"WebPage\",\"@id\":\"https:\/\/organigrama.test-stag-nv.com\/es\/politica-de-privacidad\/\",\"url\":\"https:\/\/organigrama.test-stag-nv.com\/es\/politica-de-privacidad\/\",\"name\":\"Pol\u00edtica de privacidad - Organigrama\",\"isPartOf\":{\"@id\":\"https:\/\/organigrama.test-stag-nv.com\/es\/#website\"},\"datePublished\":\"2025-05-27T15:49:25+00:00\",\"dateModified\":\"2026-03-06T11:43:55+00:00\",\"breadcrumb\":{\"@id\":\"https:\/\/organigrama.test-stag-nv.com\/es\/politica-de-privacidad\/#breadcrumb\"},\"inLanguage\":\"es\",\"potentialAction\":[{\"@type\":\"ReadAction\",\"target\":[\"https:\/\/organigrama.test-stag-nv.com\/es\/politica-de-privacidad\/\"]}]},{\"@type\":\"BreadcrumbList\",\"@id\":\"https:\/\/organigrama.test-stag-nv.com\/es\/politica-de-privacidad\/#breadcrumb\",\"itemListElement\":[{\"@type\":\"ListItem\",\"position\":1,\"name\":\"Inicio\",\"item\":\"https:\/\/organigrama.test-stag-nv.com\/es\/\"},{\"@type\":\"ListItem\",\"position\":2,\"name\":\"Pol\u00edtica de privacidad\"}]},{\"@type\":\"WebSite\",\"@id\":\"https:\/\/organigrama.test-stag-nv.com\/es\/#website\",\"url\":\"https:\/\/organigrama.test-stag-nv.com\/es\/\",\"name\":\"Organigrama\",\"description\":\"L&#039;Especialitzaci\u00f3 en Recursos Humans\",\"publisher\":{\"@id\":\"https:\/\/organigrama.test-stag-nv.com\/es\/#organization\"},\"potentialAction\":[{\"@type\":\"SearchAction\",\"target\":{\"@type\":\"EntryPoint\",\"urlTemplate\":\"https:\/\/organigrama.test-stag-nv.com\/es\/?s={search_term_string}\"},\"query-input\":{\"@type\":\"PropertyValueSpecification\",\"valueRequired\":true,\"valueName\":\"search_term_string\"}}],\"inLanguage\":\"es\"},{\"@type\":\"Organization\",\"@id\":\"https:\/\/organigrama.test-stag-nv.com\/es\/#organization\",\"name\":\"Organigrama\",\"url\":\"https:\/\/organigrama.test-stag-nv.com\/es\/\",\"logo\":{\"@type\":\"ImageObject\",\"inLanguage\":\"es\",\"@id\":\"https:\/\/organigrama.test-stag-nv.com\/es\/#\/schema\/logo\/image\/\",\"url\":\"https:\/\/organigrama.test-stag-nv.com\/wp-content\/uploads\/2025\/07\/uploads_images_164x70_c_logo.png\",\"contentUrl\":\"https:\/\/organigrama.test-stag-nv.com\/wp-content\/uploads\/2025\/07\/uploads_images_164x70_c_logo.png\",\"width\":164,\"height\":70,\"caption\":\"Organigrama\"},\"image\":{\"@id\":\"https:\/\/organigrama.test-stag-nv.com\/es\/#\/schema\/logo\/image\/\"},\"sameAs\":[\"https:\/\/www.facebook.com\/organigramagrup\",\"https:\/\/x.com\/gruporganigrama\",\"https:\/\/www.linkedin.com\/company\/organigrama-slu\/\"]}]}<\/script>\n<!-- \/ Yoast SEO plugin. -->","yoast_head_json":{"title":"Pol\u00edtica de privacidad - Organigrama","robots":{"index":"noindex","follow":"follow","max-snippet":"max-snippet:-1","max-image-preview":"max-image-preview:large","max-video-preview":"max-video-preview:-1"},"og_locale":"es_ES","og_type":"article","og_title":"Pol\u00edtica de privacidad - Organigrama","og_description":"Mayo 2018 ORGANIGRAMA SLU se compromete a proteger la privacidad de los usuarios que accedan a esta web y\/o cualquiera de sus servicios. La utilizaci\u00f3n de la web y\/o de cualquiera de los servicios ofrecidos por ORGANIGRAMA SLU, implica la aceptaci\u00f3n por el usuario de las disposiciones contenidas en la presente Pol\u00edtica de Privacidad y [&hellip;]","og_url":"https:\/\/organigrama.test-stag-nv.com\/es\/politica-de-privacidad\/","og_site_name":"Organigrama","article_publisher":"https:\/\/www.facebook.com\/organigramagrup","article_modified_time":"2026-03-06T11:43:55+00:00","twitter_card":"summary_large_image","twitter_site":"@gruporganigrama","twitter_misc":{"Tiempo de lectura":"8 minutos"},"schema":{"@context":"https:\/\/schema.org","@graph":[{"@type":"WebPage","@id":"https:\/\/organigrama.test-stag-nv.com\/es\/politica-de-privacidad\/","url":"https:\/\/organigrama.test-stag-nv.com\/es\/politica-de-privacidad\/","name":"Pol\u00edtica de privacidad - Organigrama","isPartOf":{"@id":"https:\/\/organigrama.test-stag-nv.com\/es\/#website"},"datePublished":"2025-05-27T15:49:25+00:00","dateModified":"2026-03-06T11:43:55+00:00","breadcrumb":{"@id":"https:\/\/organigrama.test-stag-nv.com\/es\/politica-de-privacidad\/#breadcrumb"},"inLanguage":"es","potentialAction":[{"@type":"ReadAction","target":["https:\/\/organigrama.test-stag-nv.com\/es\/politica-de-privacidad\/"]}]},{"@type":"BreadcrumbList","@id":"https:\/\/organigrama.test-stag-nv.com\/es\/politica-de-privacidad\/#breadcrumb","itemListElement":[{"@type":"ListItem","position":1,"name":"Inicio","item":"https:\/\/organigrama.test-stag-nv.com\/es\/"},{"@type":"ListItem","position":2,"name":"Pol\u00edtica de privacidad"}]},{"@type":"WebSite","@id":"https:\/\/organigrama.test-stag-nv.com\/es\/#website","url":"https:\/\/organigrama.test-stag-nv.com\/es\/","name":"Organigrama","description":"L&#039;Especialitzaci\u00f3 en Recursos Humans","publisher":{"@id":"https:\/\/organigrama.test-stag-nv.com\/es\/#organization"},"potentialAction":[{"@type":"SearchAction","target":{"@type":"EntryPoint","urlTemplate":"https:\/\/organigrama.test-stag-nv.com\/es\/?s={search_term_string}"},"query-input":{"@type":"PropertyValueSpecification","valueRequired":true,"valueName":"search_term_string"}}],"inLanguage":"es"},{"@type":"Organization","@id":"https:\/\/organigrama.test-stag-nv.com\/es\/#organization","name":"Organigrama","url":"https:\/\/organigrama.test-stag-nv.com\/es\/","logo":{"@type":"ImageObject","inLanguage":"es","@id":"https:\/\/organigrama.test-stag-nv.com\/es\/#\/schema\/logo\/image\/","url":"https:\/\/organigrama.test-stag-nv.com\/wp-content\/uploads\/2025\/07\/uploads_images_164x70_c_logo.png","contentUrl":"https:\/\/organigrama.test-stag-nv.com\/wp-content\/uploads\/2025\/07\/uploads_images_164x70_c_logo.png","width":164,"height":70,"caption":"Organigrama"},"image":{"@id":"https:\/\/organigrama.test-stag-nv.com\/es\/#\/schema\/logo\/image\/"},"sameAs":["https:\/\/www.facebook.com\/organigramagrup","https:\/\/x.com\/gruporganigrama","https:\/\/www.linkedin.com\/company\/organigrama-slu\/"]}]}},"_links":{"self":[{"href":"https:\/\/organigrama.test-stag-nv.com\/es\/wp-json\/wp\/v2\/pages\/2825","targetHints":{"allow":["GET"]}}],"collection":[{"href":"https:\/\/organigrama.test-stag-nv.com\/es\/wp-json\/wp\/v2\/pages"}],"about":[{"href":"https:\/\/organigrama.test-stag-nv.com\/es\/wp-json\/wp\/v2\/types\/page"}],"author":[{"embeddable":true,"href":"https:\/\/organigrama.test-stag-nv.com\/es\/wp-json\/wp\/v2\/users\/1"}],"replies":[{"embeddable":true,"href":"https:\/\/organigrama.test-stag-nv.com\/es\/wp-json\/wp\/v2\/comments?post=2825"}],"version-history":[{"count":1,"href":"https:\/\/organigrama.test-stag-nv.com\/es\/wp-json\/wp\/v2\/pages\/2825\/revisions"}],"predecessor-version":[{"id":2826,"href":"https:\/\/organigrama.test-stag-nv.com\/es\/wp-json\/wp\/v2\/pages\/2825\/revisions\/2826"}],"wp:attachment":[{"href":"https:\/\/organigrama.test-stag-nv.com\/es\/wp-json\/wp\/v2\/media?parent=2825"}],"curies":[{"name":"wp","href":"https:\/\/api.w.org\/{rel}","templated":true}]}}